{"id":152200,"date":"2024-09-11T10:23:00","date_gmt":"2024-09-11T10:23:00","guid":{"rendered":"https:\/\/www.bluehost.com\/blog\/erste-schritte-bloecke\/"},"modified":"2025-08-11T06:23:59","modified_gmt":"2025-08-11T06:23:59","slug":"erste-schritte","status":"publish","type":"page","link":"https:\/\/www.bluehost.com\/blog\/de\/erste-schritte\/","title":{"rendered":"Erste Schritte &#8211; Bl\u00f6cke"},"content":{"rendered":"\n<div class=\"wp-block-group alignfull has-background has-global-padding is-layout-constrained wp-block-group-is-layout-constrained\" style=\"background-color:#f0faff;margin-top:-70px;margin-bottom:0;padding-top:35px;padding-bottom:var(--wp--preset--spacing--40)\">\n<h6 class=\"wp-block-heading featuread-heading has-title-black-color has-text-color has-link-color wp-elements-fcfa91d8720745fe3f21c078aca260c4\" id=\"h-6-handpicked-blog-posts\" style=\"font-size:13px\"><strong>6 HANDVERLESENE BLOG-BEITR\u00c4GE<\/strong><\/h6>\n\n\n\n<h2 class=\"wp-block-heading has-text-color has-link-color wp-elements-422eb894b40400bc8962a4c4104e55e6\" id=\"h-getting-started\" style=\"color:#1d2a3b;margin-top:25px;font-size:clamp(24.034px, 1.502rem + ((1vw - 3.2px) * 1.382), 40px);font-style:normal;font-weight:700\">Jetzt starten<\/h2>\n\n\n\n<p class=\"has-text-color has-link-color wp-elements-81d179f0af862290c314a56dbd6573cc\" style=\"color:#505050;margin-top:var(--wp--preset--spacing--20);margin-bottom:var(--wp--preset--spacing--20);font-size:clamp(14.642px, 0.915rem + ((1vw - 3.2px) * 0.637), 22px);font-style:normal;font-weight:400;line-height:1.5\">Sind Sie zum ersten Mal ein Blogger? Haben Sie beschlossen, <a href=\"https:\/\/www.bluehost.com\/blog\/how-to-create-a-website-guide\/\">eine Website f\u00fcr Ihr Unternehmen zu erstellen<\/a>? M\u00f6chten Sie online verkaufen? Wir haben alles f\u00fcr Sie   <\/p>\n<\/div>\n\n<div class=\"wp-block-group has-global-padding is-layout-constrained wp-block-group-is-layout-constrained\" style=\"margin-top:var(--wp--preset--spacing--50)\">\n<div class=\"wp-block-query alignwide is-layout-flow wp-block-query-is-layout-flow\">\n<div class=\"wp-block-group is-layout-flow wp-block-group-is-layout-flow\" style=\"padding-top:0;padding-bottom:0\"><\/div>\n<\/div>\n<\/div>\n","protected":false},"excerpt":{"rendered":"<p>6 HANDVERLESENE BLOG-BEITR\u00c4GE Jetzt starten Sind Sie zum ersten Mal ein Blogger? Haben Sie beschlossen, eine Website f\u00fcr Ihr Unternehmen zu erstellen? M\u00f6chten Sie online verkaufen? Wir haben alles f\u00fcr Sie<\/p>\n","protected":false},"author":107,"featured_media":240661,"parent":0,"menu_order":0,"comment_status":"closed","ping_status":"closed","template":"","meta":{"_acf_changed":false,"_yoast_wpseo_title":"","_yoast_wpseo_metadesc":"","inline_featured_image":false,"footnotes":""},"ppma_author":[884],"class_list":["post-152200","page","type-page","status-publish","has-post-thumbnail","hentry"],"acf":[],"yoast_head":"<!-- This site is optimized with the Yoast SEO Premium plugin v27.1 (Yoast SEO v27.1.1) - https:\/\/yoast.com\/product\/yoast-seo-premium-wordpress\/ -->\n<title>Erste Schritte - Bl\u00f6cke - Bluehost Blog<\/title>\n<meta name=\"robots\" content=\"index, follow, max-snippet:-1, max-image-preview:large, max-video-preview:-1\" \/>\n<link rel=\"canonical\" href=\"https:\/\/www.bluehost.com\/blog\/de\/wp-json\/wp\/v2\/pages\/152200\/\" \/>\n<meta property=\"og:locale\" content=\"de_DE\" \/>\n<meta property=\"og:type\" content=\"article\" \/>\n<meta property=\"og:title\" content=\"Erste Schritte - Bl\u00f6cke\" \/>\n<meta property=\"og:description\" content=\"6 HANDVERLESENE BLOG-BEITR\u00c4GE Jetzt starten Sind Sie zum ersten Mal ein Blogger? Haben Sie beschlossen, eine Website f\u00fcr Ihr Unternehmen zu erstellen? M\u00f6chten Sie online verkaufen? Wir haben alles f\u00fcr Sie\" \/>\n<meta property=\"og:url\" content=\"https:\/\/www.bluehost.com\/blog\/de\/erste-schritte\/\" \/>\n<meta property=\"og:site_name\" content=\"Bluehost Blog\" \/>\n<meta property=\"article:publisher\" content=\"https:\/\/www.facebook.com\/bluehost\/\" \/>\n<meta property=\"article:modified_time\" content=\"2025-08-11T06:23:59+00:00\" \/>\n<meta property=\"og:image\" content=\"https:\/\/www.bluehost.com\/blog\/wp-content\/uploads\/2024\/01\/wondersuite-1.png\" \/>\n\t<meta property=\"og:image:width\" content=\"1199\" \/>\n\t<meta property=\"og:image:height\" content=\"618\" \/>\n\t<meta property=\"og:image:type\" content=\"image\/png\" \/>\n<meta name=\"twitter:card\" content=\"summary_large_image\" \/>\n<meta name=\"twitter:site\" content=\"@bluehost\" \/>\n<meta name=\"twitter:label1\" content=\"Gesch\u00e4tzte Lesezeit\" \/>\n\t<meta name=\"twitter:data1\" content=\"1\u00a0Minute\" \/>\n<script type=\"application\/ld+json\" class=\"yoast-schema-graph\">{\"@context\":\"https:\/\/schema.org\",\"@graph\":[{\"@type\":\"WebPage\",\"@id\":\"https:\/\/www.bluehost.com\/blog\/de\/erste-schritte\/\",\"url\":\"https:\/\/www.bluehost.com\/blog\/de\/erste-schritte\/\",\"name\":\"Erste Schritte - Bl\u00f6cke - Bluehost Blog\",\"isPartOf\":{\"@id\":\"https:\/\/www.bluehost.com\/blog\/de\/#website\"},\"primaryImageOfPage\":{\"@id\":\"https:\/\/www.bluehost.com\/blog\/de\/erste-schritte\/#primaryimage\"},\"image\":{\"@id\":\"https:\/\/www.bluehost.com\/blog\/de\/erste-schritte\/#primaryimage\"},\"thumbnailUrl\":\"https:\/\/www.bluehost.com\/blog\/wp-content\/uploads\/2025\/09\/default-bh.png\",\"datePublished\":\"2024-09-11T10:23:00+00:00\",\"dateModified\":\"2025-08-11T06:23:59+00:00\",\"breadcrumb\":{\"@id\":\"https:\/\/www.bluehost.com\/blog\/de\/erste-schritte\/#breadcrumb\"},\"inLanguage\":\"de\",\"potentialAction\":[{\"@type\":\"ReadAction\",\"target\":[\"https:\/\/www.bluehost.com\/blog\/de\/erste-schritte\/\"]}]},{\"@type\":\"ImageObject\",\"inLanguage\":\"de\",\"@id\":\"https:\/\/www.bluehost.com\/blog\/de\/erste-schritte\/#primaryimage\",\"url\":\"https:\/\/www.bluehost.com\/blog\/wp-content\/uploads\/2025\/09\/default-bh.png\",\"contentUrl\":\"https:\/\/www.bluehost.com\/blog\/wp-content\/uploads\/2025\/09\/default-bh.png\",\"width\":1200,\"height\":629},{\"@type\":\"BreadcrumbList\",\"@id\":\"https:\/\/www.bluehost.com\/blog\/de\/erste-schritte\/#breadcrumb\",\"itemListElement\":[{\"@type\":\"ListItem\",\"position\":1,\"name\":\"Blog\",\"item\":\"https:\/\/www.bluehost.com\/de-de\/blog\/\"},{\"@type\":\"ListItem\",\"position\":2,\"name\":\"Erste Schritte &#8211; Bl\u00f6cke\"}]},{\"@type\":\"WebSite\",\"@id\":\"https:\/\/www.bluehost.com\/blog\/de\/#website\",\"url\":\"https:\/\/www.bluehost.com\/blog\/de\/\",\"name\":\"Bluehost\",\"description\":\"\",\"publisher\":{\"@id\":\"https:\/\/www.bluehost.com\/blog\/de\/#organization\"},\"potentialAction\":[{\"@type\":\"SearchAction\",\"target\":{\"@type\":\"EntryPoint\",\"urlTemplate\":\"https:\/\/www.bluehost.com\/blog\/de\/?s={search_term_string}\"},\"query-input\":{\"@type\":\"PropertyValueSpecification\",\"valueRequired\":true,\"valueName\":\"search_term_string\"}}],\"inLanguage\":\"de\"},{\"@type\":\"Organization\",\"@id\":\"https:\/\/www.bluehost.com\/blog\/de\/#organization\",\"name\":\"Bluehost\",\"url\":\"https:\/\/www.bluehost.com\/blog\/de\/\",\"logo\":{\"@type\":\"ImageObject\",\"inLanguage\":\"de\",\"@id\":\"https:\/\/www.bluehost.com\/blog\/de\/#\/schema\/logo\/image\/\",\"url\":\"https:\/\/www.bluehost.com\/blog\/wp-content\/uploads\/2023\/08\/bluehost-logo.svg\",\"contentUrl\":\"https:\/\/www.bluehost.com\/blog\/wp-content\/uploads\/2023\/08\/bluehost-logo.svg\",\"width\":136,\"height\":24,\"caption\":\"Bluehost\"},\"image\":{\"@id\":\"https:\/\/www.bluehost.com\/blog\/de\/#\/schema\/logo\/image\/\"},\"sameAs\":[\"https:\/\/www.facebook.com\/bluehost\/\",\"https:\/\/x.com\/bluehost\",\"https:\/\/www.linkedin.com\/company\/bluehost-com\/\",\"https:\/\/www.youtube.com\/user\/bluehost\",\"https:\/\/en.wikipedia.org\/wiki\/Bluehost\"],\"description\":\"Bluehost is a leading web hosting provider empowering millions of websites worldwide. \\u2028Discover how Bluehost's expertise, reliability, and innovation can help you achieve your online goals.\",\"telephone\":\"+1-888-401-4678\"}]}<\/script>\n<!-- \/ Yoast SEO Premium plugin. -->","yoast_head_json":{"title":"Erste Schritte - Bl\u00f6cke - Bluehost Blog","robots":{"index":"index","follow":"follow","max-snippet":"max-snippet:-1","max-image-preview":"max-image-preview:large","max-video-preview":"max-video-preview:-1"},"canonical":"https:\/\/www.bluehost.com\/blog\/de\/wp-json\/wp\/v2\/pages\/152200\/","og_locale":"de_DE","og_type":"article","og_title":"Erste Schritte - Bl\u00f6cke","og_description":"6 HANDVERLESENE BLOG-BEITR\u00c4GE Jetzt starten Sind Sie zum ersten Mal ein Blogger? Haben Sie beschlossen, eine Website f\u00fcr Ihr Unternehmen zu erstellen? M\u00f6chten Sie online verkaufen? Wir haben alles f\u00fcr Sie","og_url":"https:\/\/www.bluehost.com\/blog\/de\/erste-schritte\/","og_site_name":"Bluehost Blog","article_publisher":"https:\/\/www.facebook.com\/bluehost\/","article_modified_time":"2025-08-11T06:23:59+00:00","og_image":[{"width":1199,"height":618,"url":"https:\/\/www.bluehost.com\/blog\/wp-content\/uploads\/2024\/01\/wondersuite-1.png","type":"image\/png"}],"twitter_card":"summary_large_image","twitter_site":"@bluehost","twitter_misc":{"Gesch\u00e4tzte Lesezeit":"1\u00a0Minute"},"schema":{"@context":"https:\/\/schema.org","@graph":[{"@type":"WebPage","@id":"https:\/\/www.bluehost.com\/blog\/de\/erste-schritte\/","url":"https:\/\/www.bluehost.com\/blog\/de\/erste-schritte\/","name":"Erste Schritte - Bl\u00f6cke - Bluehost Blog","isPartOf":{"@id":"https:\/\/www.bluehost.com\/blog\/de\/#website"},"primaryImageOfPage":{"@id":"https:\/\/www.bluehost.com\/blog\/de\/erste-schritte\/#primaryimage"},"image":{"@id":"https:\/\/www.bluehost.com\/blog\/de\/erste-schritte\/#primaryimage"},"thumbnailUrl":"https:\/\/www.bluehost.com\/blog\/wp-content\/uploads\/2025\/09\/default-bh.png","datePublished":"2024-09-11T10:23:00+00:00","dateModified":"2025-08-11T06:23:59+00:00","breadcrumb":{"@id":"https:\/\/www.bluehost.com\/blog\/de\/erste-schritte\/#breadcrumb"},"inLanguage":"de","potentialAction":[{"@type":"ReadAction","target":["https:\/\/www.bluehost.com\/blog\/de\/erste-schritte\/"]}]},{"@type":"ImageObject","inLanguage":"de","@id":"https:\/\/www.bluehost.com\/blog\/de\/erste-schritte\/#primaryimage","url":"https:\/\/www.bluehost.com\/blog\/wp-content\/uploads\/2025\/09\/default-bh.png","contentUrl":"https:\/\/www.bluehost.com\/blog\/wp-content\/uploads\/2025\/09\/default-bh.png","width":1200,"height":629},{"@type":"BreadcrumbList","@id":"https:\/\/www.bluehost.com\/blog\/de\/erste-schritte\/#breadcrumb","itemListElement":[{"@type":"ListItem","position":1,"name":"Blog","item":"https:\/\/www.bluehost.com\/de-de\/blog\/"},{"@type":"ListItem","position":2,"name":"Erste Schritte &#8211; Bl\u00f6cke"}]},{"@type":"WebSite","@id":"https:\/\/www.bluehost.com\/blog\/de\/#website","url":"https:\/\/www.bluehost.com\/blog\/de\/","name":"Bluehost","description":"","publisher":{"@id":"https:\/\/www.bluehost.com\/blog\/de\/#organization"},"potentialAction":[{"@type":"SearchAction","target":{"@type":"EntryPoint","urlTemplate":"https:\/\/www.bluehost.com\/blog\/de\/?s={search_term_string}"},"query-input":{"@type":"PropertyValueSpecification","valueRequired":true,"valueName":"search_term_string"}}],"inLanguage":"de"},{"@type":"Organization","@id":"https:\/\/www.bluehost.com\/blog\/de\/#organization","name":"Bluehost","url":"https:\/\/www.bluehost.com\/blog\/de\/","logo":{"@type":"ImageObject","inLanguage":"de","@id":"https:\/\/www.bluehost.com\/blog\/de\/#\/schema\/logo\/image\/","url":"https:\/\/www.bluehost.com\/blog\/wp-content\/uploads\/2023\/08\/bluehost-logo.svg","contentUrl":"https:\/\/www.bluehost.com\/blog\/wp-content\/uploads\/2023\/08\/bluehost-logo.svg","width":136,"height":24,"caption":"Bluehost"},"image":{"@id":"https:\/\/www.bluehost.com\/blog\/de\/#\/schema\/logo\/image\/"},"sameAs":["https:\/\/www.facebook.com\/bluehost\/","https:\/\/x.com\/bluehost","https:\/\/www.linkedin.com\/company\/bluehost-com\/","https:\/\/www.youtube.com\/user\/bluehost","https:\/\/en.wikipedia.org\/wiki\/Bluehost"],"description":"Bluehost is a leading web hosting provider empowering millions of websites worldwide. \u2028Discover how Bluehost's expertise, reliability, and innovation can help you achieve your online goals.","telephone":"+1-888-401-4678"}]}},"_links":{"self":[{"href":"https:\/\/www.bluehost.com\/blog\/de\/wp-json\/wp\/v2\/pages\/152200","targetHints":{"allow":["GET"]}}],"collection":[{"href":"https:\/\/www.bluehost.com\/blog\/de\/wp-json\/wp\/v2\/pages"}],"about":[{"href":"https:\/\/www.bluehost.com\/blog\/de\/wp-json\/wp\/v2\/types\/page"}],"author":[{"embeddable":true,"href":"https:\/\/www.bluehost.com\/blog\/de\/wp-json\/wp\/v2\/users\/107"}],"replies":[{"embeddable":true,"href":"https:\/\/www.bluehost.com\/blog\/de\/wp-json\/wp\/v2\/comments?post=152200"}],"version-history":[{"count":2,"href":"https:\/\/www.bluehost.com\/blog\/de\/wp-json\/wp\/v2\/pages\/152200\/revisions"}],"predecessor-version":[{"id":236041,"href":"https:\/\/www.bluehost.com\/blog\/de\/wp-json\/wp\/v2\/pages\/152200\/revisions\/236041"}],"wp:featuredmedia":[{"embeddable":true,"href":"https:\/\/www.bluehost.com\/blog\/de\/wp-json\/wp\/v2\/media\/240661"}],"wp:attachment":[{"href":"https:\/\/www.bluehost.com\/blog\/de\/wp-json\/wp\/v2\/media?parent=152200"}],"wp:term":[{"taxonomy":"author","embeddable":true,"href":"https:\/\/www.bluehost.com\/blog\/de\/wp-json\/wp\/v2\/ppma_author?post=152200"}],"curies":[{"name":"wp","href":"https:\/\/api.w.org\/{rel}","templated":true}]}}