{"id":152261,"date":"2024-12-20T19:07:33","date_gmt":"2024-12-20T19:07:33","guid":{"rendered":"https:\/\/www.bluehost.com\/blog\/website-bewerter\/"},"modified":"2025-08-12T06:07:01","modified_gmt":"2025-08-12T06:07:01","slug":"website-bewerter","status":"publish","type":"page","link":"https:\/\/www.bluehost.com\/blog\/de\/website-bewerter\/","title":{"rendered":"Website-Bewerter"},"content":{"rendered":"\n<div class=\"wp-block-columns website-grader__hero is-layout-flex wp-container-core-columns-is-layout-a8aeba4b wp-block-columns-is-layout-flex\" style=\"padding-top:5.2vw;padding-right:5.2vw;padding-bottom:5.2vw;padding-left:5.2vw\">\n<div class=\"wp-block-column is-layout-flow wp-block-column-is-layout-flow\">\n<h2 class=\"wp-block-heading source-serif-bold has-text-color has-link-color wp-elements-e037ec3b0c000862ddce8bb20c7cbab0\" id=\"h-how-strong-is-your-website\" style=\"color:#1d2a3d;padding-top:25px;padding-bottom:25px;font-size:clamp(37.821px, 2.364rem + ((1vw - 3.2px) * 2.786), 70px);line-height:1\">Wie stark ist Ihre Website?<\/h2>\n\n\n\n<p style=\"font-size:clamp(14.642px, 0.915rem + ((1vw - 3.2px) * 0.637), 22px);\">Stellen Sie die Leistung, das Design und die Sicherheit Ihrer Website auf die Probe! Unser KOSTENLOSER Website-Bewerter \u00fcberpr\u00fcft: <\/p>\n\n\n\n<ul style=\"padding-bottom:25px;font-size:clamp(14.642px, 0.915rem + ((1vw - 3.2px) * 0.637), 22px);\" class=\"wp-block-list website-grader__hero-list\">\n<li>Geschwindigkeit beim Laden der Seite<\/li>\n\n\n\n<li>Ger\u00e4te-Kompatibilit\u00e4t<\/li>\n\n\n\n<li>Suchrankings<\/li>\n\n\n\n<li>Standortbedrohungen und Sicherheit<\/li>\n<\/ul>\n\n\n\n<p style=\"font-size:clamp(15.747px, 0.984rem + ((1vw - 3.2px) * 0.715), 24px);\"><strong>Verstehen Sie, was gut funktioniert und was \u00fcberarbeitet werden muss. F\u00fcllen Sie dieses schnelle Formular aus, um noch heute mit der Verbesserung Ihrer Website zu beginnen! <\/strong><\/p>\n<\/div>\n\n\n\n<div class=\"wp-block-column is-vertically-aligned-top is-layout-flow wp-block-column-is-layout-flow\">\n<div id=\"ib-form-widget\"><\/div>\n\n\n\n<figure class=\"wp-block-image size-full m-0\"><img decoding=\"async\" width=\"547\" height=\"501\" src=\"https:\/\/www.bluehost.com\/de-de\/blog\/wp-content\/uploads\/2024\/12\/hero-img.png\" alt=\"\" class=\"wp-image-97862\" srcset=\"https:\/\/www.bluehost.com\/blog\/wp-content\/uploads\/2024\/12\/hero-img.png 547w, https:\/\/www.bluehost.com\/blog\/wp-content\/uploads\/2024\/12\/hero-img-300x275.png 300w, https:\/\/www.bluehost.com\/blog\/wp-content\/uploads\/2024\/12\/hero-img-24x22.png 24w, https:\/\/www.bluehost.com\/blog\/wp-content\/uploads\/2024\/12\/hero-img-36x33.png 36w, https:\/\/www.bluehost.com\/blog\/wp-content\/uploads\/2024\/12\/hero-img-48x44.png 48w\" sizes=\"100vw\" \/><\/figure>\n<\/div>\n<\/div>\n\n<div class=\"wp-block-columns website-grader__section website-grader__section--performance is-layout-flex wp-container-core-columns-is-layout-a8aeba4b wp-block-columns-is-layout-flex\" style=\"padding-top:5.2vw;padding-right:5.2vw;padding-bottom:5.2vw;padding-left:5.2vw\">\n<div class=\"wp-block-column is-layout-flow wp-block-column-is-layout-flow\">\n<h2 class=\"wp-block-heading has-text-align-center source-serif-bold has-text-color has-link-color wp-elements-d3c3a221af4618bb68db3e477c66a2ec\" id=\"h-we-review-what-visitors-look-for\" style=\"color:#1d2a3d;padding-top:0px;padding-bottom:50px;font-size:clamp(33.419px, 2.089rem + ((1vw - 3.2px) * 2.301), 60px);line-height:1.2\">Wir \u00fcberpr\u00fcfen, wonach Besucher suchen:<\/h2>\n\n\n\n<div class=\"wp-block-columns is-layout-flex wp-container-core-columns-is-layout-28f84493 wp-block-columns-is-layout-flex\">\n<div class=\"wp-block-column flex flex-col gap-5 is-layout-flow wp-block-column-is-layout-flow\" style=\"padding-top:0;padding-right:0;padding-bottom:0;padding-left:0;flex-basis:25%\">\n<figure class=\"wp-block-image aligncenter size-large\"><img decoding=\"async\" width=\"46\" height=\"65\" src=\"https:\/\/www.bluehost.com\/de-de\/blog\/wp-content\/uploads\/\/website-grader-performance.svg\" alt=\"\" class=\"wp-image-97866\" style=\"object-fit:cover\"\/><\/figure>\n\n\n\n<p class=\"has-text-align-center has-black-color has-text-color has-link-color wp-elements-0e40b6c8d4f8eb2798c02a56694b5e94\" style=\"font-size:clamp(14.642px, 0.915rem + ((1vw - 3.2px) * 0.637), 22px);\"><strong>Leistung des Ger\u00e4ts<br\/><\/strong><\/p>\n<\/div>\n\n\n\n<div class=\"wp-block-column flex flex-col gap-5 is-layout-flow wp-block-column-is-layout-flow\" style=\"flex-basis:25%\">\n<figure class=\"wp-block-image aligncenter size-large\"><img decoding=\"async\" width=\"82\" height=\"65\" src=\"https:\/\/www.bluehost.com\/de-de\/blog\/wp-content\/uploads\/\/website-grader-speed.svg\" alt=\"\" class=\"wp-image-97870\"\/><\/figure>\n\n\n\n<p class=\"has-text-align-center has-black-color has-text-color has-link-color wp-elements-b795f57698449be503721067a6e10fe9\" style=\"font-size:clamp(14.642px, 0.915rem + ((1vw - 3.2px) * 0.637), 22px);\"><strong>Ladegeschwindigkeit<\/strong><\/p>\n<\/div>\n\n\n\n<div class=\"wp-block-column flex flex-col gap-5 is-layout-flow wp-block-column-is-layout-flow\" style=\"flex-basis:25%\">\n<figure class=\"wp-block-image aligncenter size-large\"><img decoding=\"async\" width=\"84\" height=\"67\" src=\"https:\/\/www.bluehost.com\/de-de\/blog\/wp-content\/uploads\/\/website-grader-ranking.svg\" alt=\"\" class=\"wp-image-97874\"\/><\/figure>\n\n\n\n<p class=\"has-text-align-center has-black-color has-text-color has-link-color wp-elements-8ff9122a9cf254d5cb6d62e971d41560\" style=\"font-size:clamp(14.642px, 0.915rem + ((1vw - 3.2px) * 0.637), 22px);\"><strong>Suchranking<\/strong><\/p>\n<\/div>\n\n\n\n<div class=\"wp-block-column flex flex-col gap-5 is-layout-flow wp-block-column-is-layout-flow\" style=\"flex-basis:25%\">\n<figure class=\"wp-block-image aligncenter size-large\"><img decoding=\"async\" width=\"64\" height=\"75\" src=\"https:\/\/www.bluehost.com\/de-de\/blog\/wp-content\/uploads\/\/website-grader-security.svg\" alt=\"\" class=\"wp-image-97878\"\/><\/figure>\n\n\n\n<p class=\"has-text-align-center has-black-color has-text-color has-link-color wp-elements-9e7888befdb8d0296409f24e9bac7237\" style=\"font-size:clamp(14.642px, 0.915rem + ((1vw - 3.2px) * 0.637), 22px);\"><strong>Sicherheit der Website<\/strong><\/p>\n<\/div>\n<\/div>\n<\/div>\n<\/div>\n\n<div class=\"wp-block-group website-grader__section has-global-padding is-layout-constrained wp-container-core-group-is-layout-44abe099 wp-block-group-is-layout-constrained\" style=\"padding-top:5.2vw;padding-right:5.2vw;padding-bottom:5.2vw;padding-left:5.2vw\">\n<div class=\"wp-block-columns is-layout-flex wp-container-core-columns-is-layout-28f84493 wp-block-columns-is-layout-flex\">\n<div class=\"wp-block-column is-vertically-aligned-center is-layout-flow wp-block-column-is-layout-flow\">\n<figure class=\"wp-block-image size-large\"><img decoding=\"async\" width=\"46\" height=\"65\" src=\"https:\/\/www.bluehost.com\/de-de\/blog\/wp-content\/uploads\/\/website-grader-performance.svg\" alt=\"\" class=\"wp-image-97866\"\/><\/figure>\n\n\n\n<h2 class=\"wp-block-heading\" id=\"h-make-your-site-mobile\" style=\"font-size:clamp(26.944px, 1.684rem + ((1vw - 3.2px) * 1.65), 46px);\">Machen Sie Ihre Website mobil<\/h2>\n\n\n\n<p style=\"font-size:clamp(14px, 0.875rem + ((1vw - 3.2px) * 0.346), 18px);\">Wir \u00fcberpr\u00fcfen Ihre Funktionalit\u00e4t auf allen Ger\u00e4ten und helfen Ihnen, eine Website f\u00fcr jeden und \u00fcberall zu erstellen.<\/p>\n<\/div>\n\n\n\n<div class=\"wp-block-column is-layout-flow wp-block-column-is-layout-flow\">\n<figure class=\"wp-block-image size-full w-full\"><img decoding=\"async\" width=\"624\" height=\"414\" src=\"https:\/\/www.bluehost.com\/de-de\/blog\/wp-content\/uploads\/2024\/12\/website-grader-performance-bg.png\" alt=\"\" class=\"wp-image-97882\" srcset=\"https:\/\/www.bluehost.com\/blog\/wp-content\/uploads\/2024\/12\/website-grader-performance-bg.png 624w, https:\/\/www.bluehost.com\/blog\/wp-content\/uploads\/2024\/12\/website-grader-performance-bg-300x199.png 300w, https:\/\/www.bluehost.com\/blog\/wp-content\/uploads\/2024\/12\/website-grader-performance-bg-270x180.png 270w, https:\/\/www.bluehost.com\/blog\/wp-content\/uploads\/2024\/12\/website-grader-performance-bg-370x245.png 370w, https:\/\/www.bluehost.com\/blog\/wp-content\/uploads\/2024\/12\/website-grader-performance-bg-24x16.png 24w, https:\/\/www.bluehost.com\/blog\/wp-content\/uploads\/2024\/12\/website-grader-performance-bg-36x24.png 36w, https:\/\/www.bluehost.com\/blog\/wp-content\/uploads\/2024\/12\/website-grader-performance-bg-48x32.png 48w\" sizes=\"100vw\" \/><\/figure>\n<\/div>\n<\/div>\n<\/div>\n\n<div class=\"wp-block-group .website-grader__section has-background has-global-padding is-layout-constrained wp-container-core-group-is-layout-44abe099 wp-block-group-is-layout-constrained\" style=\"background-color:#e5f6ff;padding-top:5.2vw;padding-right:5.2vw;padding-bottom:5.2vw;padding-left:5.2vw\">\n<div class=\"wp-block-columns website-grader__section wrap is-layout-flex wp-container-core-columns-is-layout-28f84493 wp-block-columns-is-layout-flex\">\n<div class=\"wp-block-column is-layout-flow wp-block-column-is-layout-flow\">\n<figure class=\"wp-block-image size-full w-full\"><img decoding=\"async\" width=\"585\" height=\"404\" src=\"https:\/\/www.bluehost.com\/de-de\/blog\/wp-content\/uploads\/2024\/12\/website-grader-speed-bg.png\" alt=\"\" class=\"wp-image-97886\" srcset=\"https:\/\/www.bluehost.com\/blog\/wp-content\/uploads\/2024\/12\/website-grader-speed-bg.png 585w, https:\/\/www.bluehost.com\/blog\/wp-content\/uploads\/2024\/12\/website-grader-speed-bg-300x207.png 300w, https:\/\/www.bluehost.com\/blog\/wp-content\/uploads\/2024\/12\/website-grader-speed-bg-24x17.png 24w, https:\/\/www.bluehost.com\/blog\/wp-content\/uploads\/2024\/12\/website-grader-speed-bg-36x25.png 36w, https:\/\/www.bluehost.com\/blog\/wp-content\/uploads\/2024\/12\/website-grader-speed-bg-48x33.png 48w\" sizes=\"100vw\" \/><\/figure>\n<\/div>\n\n\n\n<div class=\"wp-block-column is-vertically-aligned-center is-layout-flow wp-block-column-is-layout-flow\">\n<figure class=\"wp-block-image size-large\"><img decoding=\"async\" width=\"82\" height=\"65\" src=\"https:\/\/www.bluehost.com\/de-de\/blog\/wp-content\/uploads\/\/website-grader-speed.svg\" alt=\"\" class=\"wp-image-97870\"\/><\/figure>\n\n\n\n<h2 class=\"wp-block-heading\" id=\"h-boost-your-page-speed\" style=\"font-size:clamp(26.944px, 1.684rem + ((1vw - 3.2px) * 1.65), 46px);\">Steigern Sie die Geschwindigkeit Ihrer Seite.<\/h2>\n\n\n\n<p style=\"font-size:clamp(14px, 0.875rem + ((1vw - 3.2px) * 0.346), 18px);\">Wenn Seiten nicht geladen werden, verlassen die Seiten die Seite. Wir testen die Ladezeiten Ihrer Website, damit Ihre Besucher bleiben. <\/p>\n<\/div>\n<\/div>\n<\/div>\n\n<div class=\"wp-block-group website-grader__section has-global-padding is-layout-constrained wp-container-core-group-is-layout-44abe099 wp-block-group-is-layout-constrained\" style=\"padding-top:5.2vw;padding-right:5.2vw;padding-bottom:5.2vw;padding-left:5.2vw\">\n<div class=\"wp-block-columns is-layout-flex wp-container-core-columns-is-layout-28f84493 wp-block-columns-is-layout-flex\">\n<div class=\"wp-block-column is-vertically-aligned-center is-layout-flow wp-block-column-is-layout-flow\">\n<figure class=\"wp-block-image size-large\"><img decoding=\"async\" width=\"46\" height=\"65\" src=\"https:\/\/www.bluehost.com\/de-de\/blog\/wp-content\/uploads\/\/website-grader-performance.svg\" alt=\"\" class=\"wp-image-97866\"\/><\/figure>\n\n\n\n<h2 class=\"wp-block-heading\" id=\"h-improve-your-seo\" style=\"font-size:clamp(26.944px, 1.684rem + ((1vw - 3.2px) * 1.65), 46px);\"><strong>Verbessern Sie Ihre SEO.<\/strong><\/h2>\n\n\n\n<p style=\"font-size:clamp(14px, 0.875rem + ((1vw - 3.2px) * 0.346), 18px);\">Wir analysieren Ihre Keywords, Inhalte und mehr, damit Sie \u00fcber Suchmaschinen leicht gefunden werden k\u00f6nnen.<\/p>\n<\/div>\n\n\n\n<div class=\"wp-block-column is-layout-flow wp-block-column-is-layout-flow\">\n<figure class=\"wp-block-image size-full w-full\"><img decoding=\"async\" width=\"585\" height=\"404\" src=\"https:\/\/www.bluehost.com\/de-de\/blog\/wp-content\/uploads\/2024\/12\/website-grader-ranking-bg.png\" alt=\"\" class=\"wp-image-97890\" srcset=\"https:\/\/www.bluehost.com\/blog\/wp-content\/uploads\/2024\/12\/website-grader-ranking-bg.png 585w, https:\/\/www.bluehost.com\/blog\/wp-content\/uploads\/2024\/12\/website-grader-ranking-bg-300x207.png 300w, https:\/\/www.bluehost.com\/blog\/wp-content\/uploads\/2024\/12\/website-grader-ranking-bg-24x17.png 24w, https:\/\/www.bluehost.com\/blog\/wp-content\/uploads\/2024\/12\/website-grader-ranking-bg-36x25.png 36w, https:\/\/www.bluehost.com\/blog\/wp-content\/uploads\/2024\/12\/website-grader-ranking-bg-48x33.png 48w\" sizes=\"100vw\" \/><\/figure>\n<\/div>\n<\/div>\n<\/div>\n\n<div class=\"wp-block-group alignwide website-grader__section has-background has-global-padding is-layout-constrained wp-container-core-group-is-layout-44abe099 wp-block-group-is-layout-constrained\" style=\"background-color:#e5f6ff;padding-top:5.2vw;padding-right:5.2vw;padding-bottom:5.2vw;padding-left:5.2vw\">\n<div class=\"wp-block-columns is-layout-flex wp-container-core-columns-is-layout-28f84493 wp-block-columns-is-layout-flex\">\n<div class=\"wp-block-column is-layout-flow wp-block-column-is-layout-flow\">\n<figure class=\"wp-block-image size-full w-full\"><img decoding=\"async\" width=\"585\" height=\"405\" src=\"https:\/\/www.bluehost.com\/de-de\/blog\/wp-content\/uploads\/2024\/12\/website-grader-security-bg.png\" alt=\"\" class=\"wp-image-97894\" srcset=\"https:\/\/www.bluehost.com\/blog\/wp-content\/uploads\/2024\/12\/website-grader-security-bg.png 585w, https:\/\/www.bluehost.com\/blog\/wp-content\/uploads\/2024\/12\/website-grader-security-bg-300x208.png 300w, https:\/\/www.bluehost.com\/blog\/wp-content\/uploads\/2024\/12\/website-grader-security-bg-24x17.png 24w, https:\/\/www.bluehost.com\/blog\/wp-content\/uploads\/2024\/12\/website-grader-security-bg-36x25.png 36w, https:\/\/www.bluehost.com\/blog\/wp-content\/uploads\/2024\/12\/website-grader-security-bg-48x33.png 48w\" sizes=\"100vw\" \/><\/figure>\n<\/div>\n\n\n\n<div class=\"wp-block-column is-vertically-aligned-center is-layout-flow wp-block-column-is-layout-flow\">\n<figure class=\"wp-block-image size-large\"><img decoding=\"async\" width=\"64\" height=\"75\" src=\"https:\/\/www.bluehost.com\/de-de\/blog\/wp-content\/uploads\/\/website-grader-security.svg\" alt=\"\" class=\"wp-image-97878\"\/><\/figure>\n\n\n\n<h2 class=\"wp-block-heading\" id=\"h-secure-your-website\" style=\"font-size:clamp(26.944px, 1.684rem + ((1vw - 3.2px) * 1.65), 46px);\">Sichern Sie Ihre Website<\/h2>\n\n\n\n<p style=\"font-size:clamp(14px, 0.875rem + ((1vw - 3.2px) * 0.346), 18px);\">Um Sie, Ihr Unternehmen und Ihre Kunden zu sch\u00fctzen, testen wir auf Sicherheitsbedrohungen und Sicherheitsma\u00dfnahmen.<\/p>\n<\/div>\n<\/div>\n\n\n\n<p style=\"font-size:14px;line-height:1.3\">* Durch die \u00dcbermittlung Ihrer Daten erkl\u00e4ren Sie sich ausdr\u00fccklich damit einverstanden, telefonische Mitteilungen zu erhalten, die werblicher Natur sein k\u00f6nnen, von Bluehost oder von unserer Markenfamilie \u00fcber eine Wohn- oder Handynummer, einschlie\u00dflich Textnachrichten (die automatisch gew\u00e4hlt oder aufgezeichnet werden k\u00f6nnen) an die \u00fcbermittelten Kontaktinformationen. Ich verstehe, dass Anrufe aufgezeichnet werden k\u00f6nnen und ich meine Einwilligung jederzeit widerrufen kann. Sie sind nicht verpflichtet, Ihre Zustimmung als Bedingung f\u00fcr einen Kauf zu geben. Weitere Informationen finden Sie in unseren Nutzungsbedingungen und Datenschutzhinweisen.   <\/p>\n<\/div>\n","protected":false},"excerpt":{"rendered":"<p>Wie stark ist Ihre Website? Stellen Sie die Leistung, das Design und die Sicherheit Ihrer Website auf die Probe! Unser KOSTENLOSER Website-Bewerter \u00fcberpr\u00fcft: Verstehen Sie, was gut funktioniert und was \u00fcberarbeitet werden muss. F\u00fcllen Sie dieses schnelle Formular aus, um noch heute mit der Verbesserung Ihrer Website zu beginnen! Wir \u00fcberpr\u00fcfen, wonach Besucher suchen: Leistung [&hellip;]<\/p>\n","protected":false},"author":92,"featured_media":240661,"parent":0,"menu_order":0,"comment_status":"closed","ping_status":"closed","template":"","meta":{"_acf_changed":false,"_yoast_wpseo_title":"","_yoast_wpseo_metadesc":"","inline_featured_image":false,"footnotes":""},"ppma_author":[594],"class_list":["post-152261","page","type-page","status-publish","has-post-thumbnail","hentry"],"acf":[],"yoast_head":"<!-- This site is optimized with the Yoast SEO Premium plugin v27.1 (Yoast SEO v27.1.1) - https:\/\/yoast.com\/product\/yoast-seo-premium-wordpress\/ -->\n<title>Website-Bewerter - Bluehost Blog<\/title>\n<meta name=\"robots\" content=\"index, follow, max-snippet:-1, max-image-preview:large, max-video-preview:-1\" \/>\n<link rel=\"canonical\" href=\"https:\/\/www.bluehost.com\/blog\/de\/wp-json\/wp\/v2\/pages\/152261\/\" \/>\n<meta property=\"og:locale\" content=\"de_DE\" \/>\n<meta property=\"og:type\" content=\"article\" \/>\n<meta property=\"og:title\" content=\"Website-Bewerter\" \/>\n<meta property=\"og:description\" content=\"Wie stark ist Ihre Website? Stellen Sie die Leistung, das Design und die Sicherheit Ihrer Website auf die Probe! Unser KOSTENLOSER Website-Bewerter \u00fcberpr\u00fcft: Verstehen Sie, was gut funktioniert und was \u00fcberarbeitet werden muss. F\u00fcllen Sie dieses schnelle Formular aus, um noch heute mit der Verbesserung Ihrer Website zu beginnen! Wir \u00fcberpr\u00fcfen, wonach Besucher suchen: Leistung [&hellip;]\" \/>\n<meta property=\"og:url\" content=\"https:\/\/www.bluehost.com\/blog\/de\/website-bewerter\/\" \/>\n<meta property=\"og:site_name\" content=\"Bluehost Blog\" \/>\n<meta property=\"article:publisher\" content=\"https:\/\/www.facebook.com\/bluehost\/\" \/>\n<meta property=\"article:modified_time\" content=\"2025-08-12T06:07:01+00:00\" \/>\n<meta property=\"og:image\" content=\"https:\/\/www.bluehost.com\/blog\/wp-content\/uploads\/2024\/12\/hero-img.png\" \/>\n\t<meta property=\"og:image:width\" content=\"547\" \/>\n\t<meta property=\"og:image:height\" content=\"501\" \/>\n\t<meta property=\"og:image:type\" content=\"image\/png\" \/>\n<meta name=\"twitter:card\" content=\"summary_large_image\" \/>\n<meta name=\"twitter:site\" content=\"@bluehost\" \/>\n<meta name=\"twitter:label1\" content=\"Gesch\u00e4tzte Lesezeit\" \/>\n\t<meta name=\"twitter:data1\" content=\"1\u00a0Minute\" \/>\n<script type=\"application\/ld+json\" class=\"yoast-schema-graph\">{\"@context\":\"https:\/\/schema.org\",\"@graph\":[{\"@type\":\"WebPage\",\"@id\":\"https:\/\/www.bluehost.com\/blog\/de\/website-bewerter\/\",\"url\":\"https:\/\/www.bluehost.com\/blog\/de\/website-bewerter\/\",\"name\":\"Website-Bewerter - Bluehost Blog\",\"isPartOf\":{\"@id\":\"https:\/\/www.bluehost.com\/blog\/de\/#website\"},\"primaryImageOfPage\":{\"@id\":\"https:\/\/www.bluehost.com\/blog\/de\/website-bewerter\/#primaryimage\"},\"image\":{\"@id\":\"https:\/\/www.bluehost.com\/blog\/de\/website-bewerter\/#primaryimage\"},\"thumbnailUrl\":\"https:\/\/www.bluehost.com\/blog\/wp-content\/uploads\/2025\/09\/default-bh.png\",\"datePublished\":\"2024-12-20T19:07:33+00:00\",\"dateModified\":\"2025-08-12T06:07:01+00:00\",\"breadcrumb\":{\"@id\":\"https:\/\/www.bluehost.com\/blog\/de\/website-bewerter\/#breadcrumb\"},\"inLanguage\":\"de\",\"potentialAction\":[{\"@type\":\"ReadAction\",\"target\":[\"https:\/\/www.bluehost.com\/blog\/de\/website-bewerter\/\"]}]},{\"@type\":\"ImageObject\",\"inLanguage\":\"de\",\"@id\":\"https:\/\/www.bluehost.com\/blog\/de\/website-bewerter\/#primaryimage\",\"url\":\"https:\/\/www.bluehost.com\/blog\/wp-content\/uploads\/2025\/09\/default-bh.png\",\"contentUrl\":\"https:\/\/www.bluehost.com\/blog\/wp-content\/uploads\/2025\/09\/default-bh.png\",\"width\":1200,\"height\":629},{\"@type\":\"BreadcrumbList\",\"@id\":\"https:\/\/www.bluehost.com\/blog\/de\/website-bewerter\/#breadcrumb\",\"itemListElement\":[{\"@type\":\"ListItem\",\"position\":1,\"name\":\"Home\",\"item\":\"https:\/\/www.bluehost.com\/de-de\/blog\/\"},{\"@type\":\"ListItem\",\"position\":2,\"name\":\"Website-Bewerter\"}]},{\"@type\":\"WebSite\",\"@id\":\"https:\/\/www.bluehost.com\/blog\/de\/#website\",\"url\":\"https:\/\/www.bluehost.com\/blog\/de\/\",\"name\":\"Bluehost\",\"description\":\"\",\"publisher\":{\"@id\":\"https:\/\/www.bluehost.com\/blog\/de\/#organization\"},\"potentialAction\":[{\"@type\":\"SearchAction\",\"target\":{\"@type\":\"EntryPoint\",\"urlTemplate\":\"https:\/\/www.bluehost.com\/blog\/de\/?s={search_term_string}\"},\"query-input\":{\"@type\":\"PropertyValueSpecification\",\"valueRequired\":true,\"valueName\":\"search_term_string\"}}],\"inLanguage\":\"de\"},{\"@type\":\"Organization\",\"@id\":\"https:\/\/www.bluehost.com\/blog\/de\/#organization\",\"name\":\"Bluehost\",\"url\":\"https:\/\/www.bluehost.com\/blog\/de\/\",\"logo\":{\"@type\":\"ImageObject\",\"inLanguage\":\"de\",\"@id\":\"https:\/\/www.bluehost.com\/blog\/de\/#\/schema\/logo\/image\/\",\"url\":\"https:\/\/www.bluehost.com\/blog\/wp-content\/uploads\/2023\/08\/bluehost-logo.svg\",\"contentUrl\":\"https:\/\/www.bluehost.com\/blog\/wp-content\/uploads\/2023\/08\/bluehost-logo.svg\",\"width\":136,\"height\":24,\"caption\":\"Bluehost\"},\"image\":{\"@id\":\"https:\/\/www.bluehost.com\/blog\/de\/#\/schema\/logo\/image\/\"},\"sameAs\":[\"https:\/\/www.facebook.com\/bluehost\/\",\"https:\/\/x.com\/bluehost\",\"https:\/\/www.linkedin.com\/company\/bluehost-com\/\",\"https:\/\/www.youtube.com\/user\/bluehost\",\"https:\/\/en.wikipedia.org\/wiki\/Bluehost\"],\"description\":\"Bluehost is a leading web hosting provider empowering millions of websites worldwide. \\u2028Discover how Bluehost's expertise, reliability, and innovation can help you achieve your online goals.\",\"telephone\":\"+1-888-401-4678\"}]}<\/script>\n<!-- \/ Yoast SEO Premium plugin. -->","yoast_head_json":{"title":"Website-Bewerter - Bluehost Blog","robots":{"index":"index","follow":"follow","max-snippet":"max-snippet:-1","max-image-preview":"max-image-preview:large","max-video-preview":"max-video-preview:-1"},"canonical":"https:\/\/www.bluehost.com\/blog\/de\/wp-json\/wp\/v2\/pages\/152261\/","og_locale":"de_DE","og_type":"article","og_title":"Website-Bewerter","og_description":"Wie stark ist Ihre Website? Stellen Sie die Leistung, das Design und die Sicherheit Ihrer Website auf die Probe! Unser KOSTENLOSER Website-Bewerter \u00fcberpr\u00fcft: Verstehen Sie, was gut funktioniert und was \u00fcberarbeitet werden muss. F\u00fcllen Sie dieses schnelle Formular aus, um noch heute mit der Verbesserung Ihrer Website zu beginnen! Wir \u00fcberpr\u00fcfen, wonach Besucher suchen: Leistung [&hellip;]","og_url":"https:\/\/www.bluehost.com\/blog\/de\/website-bewerter\/","og_site_name":"Bluehost Blog","article_publisher":"https:\/\/www.facebook.com\/bluehost\/","article_modified_time":"2025-08-12T06:07:01+00:00","og_image":[{"width":547,"height":501,"url":"https:\/\/www.bluehost.com\/blog\/wp-content\/uploads\/2024\/12\/hero-img.png","type":"image\/png"}],"twitter_card":"summary_large_image","twitter_site":"@bluehost","twitter_misc":{"Gesch\u00e4tzte Lesezeit":"1\u00a0Minute"},"schema":{"@context":"https:\/\/schema.org","@graph":[{"@type":"WebPage","@id":"https:\/\/www.bluehost.com\/blog\/de\/website-bewerter\/","url":"https:\/\/www.bluehost.com\/blog\/de\/website-bewerter\/","name":"Website-Bewerter - Bluehost Blog","isPartOf":{"@id":"https:\/\/www.bluehost.com\/blog\/de\/#website"},"primaryImageOfPage":{"@id":"https:\/\/www.bluehost.com\/blog\/de\/website-bewerter\/#primaryimage"},"image":{"@id":"https:\/\/www.bluehost.com\/blog\/de\/website-bewerter\/#primaryimage"},"thumbnailUrl":"https:\/\/www.bluehost.com\/blog\/wp-content\/uploads\/2025\/09\/default-bh.png","datePublished":"2024-12-20T19:07:33+00:00","dateModified":"2025-08-12T06:07:01+00:00","breadcrumb":{"@id":"https:\/\/www.bluehost.com\/blog\/de\/website-bewerter\/#breadcrumb"},"inLanguage":"de","potentialAction":[{"@type":"ReadAction","target":["https:\/\/www.bluehost.com\/blog\/de\/website-bewerter\/"]}]},{"@type":"ImageObject","inLanguage":"de","@id":"https:\/\/www.bluehost.com\/blog\/de\/website-bewerter\/#primaryimage","url":"https:\/\/www.bluehost.com\/blog\/wp-content\/uploads\/2025\/09\/default-bh.png","contentUrl":"https:\/\/www.bluehost.com\/blog\/wp-content\/uploads\/2025\/09\/default-bh.png","width":1200,"height":629},{"@type":"BreadcrumbList","@id":"https:\/\/www.bluehost.com\/blog\/de\/website-bewerter\/#breadcrumb","itemListElement":[{"@type":"ListItem","position":1,"name":"Home","item":"https:\/\/www.bluehost.com\/de-de\/blog\/"},{"@type":"ListItem","position":2,"name":"Website-Bewerter"}]},{"@type":"WebSite","@id":"https:\/\/www.bluehost.com\/blog\/de\/#website","url":"https:\/\/www.bluehost.com\/blog\/de\/","name":"Bluehost","description":"","publisher":{"@id":"https:\/\/www.bluehost.com\/blog\/de\/#organization"},"potentialAction":[{"@type":"SearchAction","target":{"@type":"EntryPoint","urlTemplate":"https:\/\/www.bluehost.com\/blog\/de\/?s={search_term_string}"},"query-input":{"@type":"PropertyValueSpecification","valueRequired":true,"valueName":"search_term_string"}}],"inLanguage":"de"},{"@type":"Organization","@id":"https:\/\/www.bluehost.com\/blog\/de\/#organization","name":"Bluehost","url":"https:\/\/www.bluehost.com\/blog\/de\/","logo":{"@type":"ImageObject","inLanguage":"de","@id":"https:\/\/www.bluehost.com\/blog\/de\/#\/schema\/logo\/image\/","url":"https:\/\/www.bluehost.com\/blog\/wp-content\/uploads\/2023\/08\/bluehost-logo.svg","contentUrl":"https:\/\/www.bluehost.com\/blog\/wp-content\/uploads\/2023\/08\/bluehost-logo.svg","width":136,"height":24,"caption":"Bluehost"},"image":{"@id":"https:\/\/www.bluehost.com\/blog\/de\/#\/schema\/logo\/image\/"},"sameAs":["https:\/\/www.facebook.com\/bluehost\/","https:\/\/x.com\/bluehost","https:\/\/www.linkedin.com\/company\/bluehost-com\/","https:\/\/www.youtube.com\/user\/bluehost","https:\/\/en.wikipedia.org\/wiki\/Bluehost"],"description":"Bluehost is a leading web hosting provider empowering millions of websites worldwide. \u2028Discover how Bluehost's expertise, reliability, and innovation can help you achieve your online goals.","telephone":"+1-888-401-4678"}]}},"_links":{"self":[{"href":"https:\/\/www.bluehost.com\/blog\/de\/wp-json\/wp\/v2\/pages\/152261","targetHints":{"allow":["GET"]}}],"collection":[{"href":"https:\/\/www.bluehost.com\/blog\/de\/wp-json\/wp\/v2\/pages"}],"about":[{"href":"https:\/\/www.bluehost.com\/blog\/de\/wp-json\/wp\/v2\/types\/page"}],"author":[{"embeddable":true,"href":"https:\/\/www.bluehost.com\/blog\/de\/wp-json\/wp\/v2\/users\/92"}],"replies":[{"embeddable":true,"href":"https:\/\/www.bluehost.com\/blog\/de\/wp-json\/wp\/v2\/comments?post=152261"}],"version-history":[{"count":1,"href":"https:\/\/www.bluehost.com\/blog\/de\/wp-json\/wp\/v2\/pages\/152261\/revisions"}],"predecessor-version":[{"id":236203,"href":"https:\/\/www.bluehost.com\/blog\/de\/wp-json\/wp\/v2\/pages\/152261\/revisions\/236203"}],"wp:featuredmedia":[{"embeddable":true,"href":"https:\/\/www.bluehost.com\/blog\/de\/wp-json\/wp\/v2\/media\/240661"}],"wp:attachment":[{"href":"https:\/\/www.bluehost.com\/blog\/de\/wp-json\/wp\/v2\/media?parent=152261"}],"wp:term":[{"taxonomy":"author","embeddable":true,"href":"https:\/\/www.bluehost.com\/blog\/de\/wp-json\/wp\/v2\/ppma_author?post=152261"}],"curies":[{"name":"wp","href":"https:\/\/api.w.org\/{rel}","templated":true}]}}