{"id":113450,"date":"2025-10-07T13:19:59","date_gmt":"2025-10-07T13:19:59","guid":{"rendered":"https:\/\/www.bluehost.com\/blog\/lineamientos-editoriales-del-blog\/"},"modified":"2025-10-16T14:31:27","modified_gmt":"2025-10-16T14:31:27","slug":"directrices-editoriales-del-blog","status":"publish","type":"page","link":"https:\/\/www.bluehost.com\/blog\/es\/directrices-editoriales-del-blog\/","title":{"rendered":"Directrices editoriales del Blog"},"content":{"rendered":"\n<h2 class=\"wp-block-heading\"><strong>Directrices editoriales del Blog<\/strong><\/h2>\n\n<p>En Bluehost, nuestra m\u00e1xima prioridad es su presencia en Internet. Por eso somos transparentes sobre nuestros productos y servicios, y mantenemos unas directrices editoriales que garantizan la integridad. Hacemos esto para asegurarnos de que pueda utilizar nuestras herramientas, Servicios y consejos con total confianza y comprensi\u00f3n.    <\/p>\n\n<h2 class=\"wp-block-heading\" id=\"h-bluehost-blog-vision-nbsp\"><strong>Visi\u00f3n del Blog de Bluehost<\/strong> <\/h2>\n\n<p>Un mundo digital en el que todas las personas y empresas prosperan en l\u00ednea con confianza.  <\/p>\n\n<h2 class=\"wp-block-heading\" id=\"h-bluehost-blog-mission-nbsp\"><strong>Misi\u00f3n del Blog de Bluehost<\/strong> <\/h2>\n\n<p>Permitir que todo el mundo tenga una presencia en l\u00ednea s\u00f3lida, segura y fiable.  <\/p>\n\n<p>El equipo editorial de Bluehost se dedica a proporcionar contenido preciso, exhaustivo y pr\u00e1ctico para servir a todos los usuarios. Nuestros principios editoriales determinan la forma en que presentamos, revisamos y recomendamos nuestros Servicios y los de nuestros socios.   <\/p>\n\n<p>Nuestro riguroso proceso de investigaci\u00f3n y edici\u00f3n garantiza que s\u00f3lo ofrecemos la informaci\u00f3n m\u00e1s precisa y actualizada. Valoramos las experiencias y perspectivas que nos ayudan a conectar con nuestros usuarios, resolver sus dudas, inspirarles, motivarles y garantizar su confianza.   <\/p>\n\n<h2 class=\"wp-block-heading\" id=\"h-key-principles-nbsp\"><strong>Principios clave<\/strong> <\/h2>\n\n<p>Todos los usuarios merecen informaci\u00f3n completa y precisa sobre <a href=\"https:\/\/www.bluehost.com\/hosting\/shared\">alojamiento web<\/a>, registro de <a href=\"https:\/\/www.bluehost.com\/domains\">dominios<\/a>, desarrollo de sitios web <a href=\"https:\/\/www.bluehost.com\/wordpress\/wordpress-hosting\">en WordPress<\/a> y <a href=\"https:\/\/www.bluehost.com\/solutions\/digital-marketing\">servicios de marketing digital<\/a>.  <\/p>\n\n<p>Nuestros contenidos apoyan la inclusi\u00f3n digital, con el objetivo de equipar a todos los usuarios para el \u00e9xito en l\u00ednea.  <\/p>\n\n<p>Nuestras referencias son variadas e innegablemente fiables. Nos apoyamos en expertos que entienden la evoluci\u00f3n del panorama de WordPress, el comercio electr\u00f3nico y el marketing digital.   <\/p>\n\n<h2 class=\"wp-block-heading\" id=\"h-editorial-integrity-nbsp\"><strong>Integridad editorial<\/strong> <\/h2>\n\n<p>En Bluehost, la integridad editorial es la columna vertebral de todo lo que producimos. Entendemos la importancia de mantener la confianza, la credibilidad y la autenticidad en la era digital, y nos comprometemos a defender estos principios en todos nuestros contenidos.   <\/p>\n\n<p>Nuestro colectivo editorial, formado por m\u00e1s de 10 dedicados creadores de contenidos, editores y analistas, son los guardianes de esta integridad. Ellos son los responsables exclusivos de generar todo el material editorial. Esto abarca un amplio espectro, desde art\u00edculos, tutoriales pr\u00e1cticos y gu\u00edas detalladas hasta las \u00faltimas actualizaciones de WordPress.    <\/p>\n\n<ul class=\"wp-block-list\">\n<li><strong>Transparencia<\/strong>: Creemos en un contenido claro y transparente. Tanto si analizamos un servicio como si ense\u00f1amos una habilidad t\u00e9cnica, nos aseguramos de que nuestros lectores entiendan el proceso, las fuentes de nuestros datos y estad\u00edsticas y cualquier posible afiliaci\u00f3n.   <\/li>\n\n\n\n<li><strong>Autenticidad<\/strong>: Nuestro equipo elabora cada art\u00edculo con conocimientos genuinos y experiencia de primera mano. As\u00ed nos aseguramos de que lo que lea no solo se ajuste a la realidad, sino que tambi\u00e9n sea aplicable a situaciones reales.   <\/li>\n\n\n\n<li><strong>Mejora continua<\/strong>: El panorama digital evoluciona constantemente, al igual que nuestros contenidos. Revisamos peri\u00f3dicamente nuestros trabajos publicados para asegurarnos de que est\u00e9n actualizados, sean pertinentes y se ajusten a las \u00faltimas normas y buenas pr\u00e1cticas del sector.   <\/li>\n<\/ul>\n\n<p>Al adherirnos a estos principios, pretendemos ofrecer contenidos no s\u00f3lo informativos, sino tambi\u00e9n fiables, que permitan a nuestros lectores tomar decisiones bien informadas en sus actividades en l\u00ednea.  <\/p>\n\n<h2 class=\"wp-block-heading\" id=\"h-use-of-advanced-technologies-nbsp\"><strong>Uso de tecnolog\u00edas avanzadas<\/strong> <\/h2>\n\n<p>En Bluehost, reconocemos el enorme potencial de la Inteligencia Artificial (IA) y sus capacidades. Aprovechamos las herramientas y tecnolog\u00edas de IA para ayudar en la investigaci\u00f3n y el desarrollo de contenidos, garantizando que estamos a la vanguardia de los \u00faltimos avances en el \u00e1mbito digital.   <\/p>\n\n<p>Sin embargo, para nosotros es crucial que el contenido que ofrecemos mantenga un alto nivel de supervisi\u00f3n manual. Cada pieza de informaci\u00f3n asistida por IA es revisada y editada manualmente por nuestro experimentado equipo editorial. Esto garantiza que, aunque nos beneficiamos de la velocidad y las capacidades de procesamiento de datos de la IA, la precisi\u00f3n, la autenticidad y la relacionabilidad de nuestro contenido siguen siendo el objetivo principal.    <\/p>\n\n<h2 class=\"wp-block-heading\" id=\"h-fact-checking-and-corrections-nbsp\"><strong>Comprobaci\u00f3n de hechos y correcciones<\/strong> <\/h2>\n\n<p>Nuestros contenidos editoriales se someten a una exhaustiva comprobaci\u00f3n para garantizar su exactitud, actualidad y pertinencia. Nos aseguramos de que la informaci\u00f3n contenida en cada art\u00edculo est\u00e9 actualizada en el momento de su publicaci\u00f3n.   <\/p>\n\n<p>Cada contenido es meticulosamente examinado por redactores, editores y correctores.  <\/p>\n\n<p>Nuestros redactores recurren a fuentes primarias y secundarias fiables, como entrevistas a expertos, repositorios oficiales de Internet y tecnolog\u00eda, conjuntos de datos y documentos, para garantizar que nuestro contenido sea claro, exhaustivo y oportuno.<\/p>\n","protected":false},"excerpt":{"rendered":"<p>Directrices editoriales del Blog En Bluehost, nuestra m\u00e1xima prioridad es su presencia en Internet. Por eso somos transparentes sobre nuestros productos y servicios, y mantenemos unas directrices editoriales que garantizan la integridad. Hacemos esto para asegurarnos de que pueda utilizar nuestras herramientas, Servicios y consejos con total confianza y comprensi\u00f3n. Visi\u00f3n del Blog de Bluehost [&hellip;]<\/p>\n","protected":false},"author":155,"featured_media":241996,"parent":0,"menu_order":0,"comment_status":"closed","ping_status":"closed","template":"page-no-title","meta":{"_acf_changed":false,"_yoast_wpseo_title":"Directrices editoriales del Blog de Bluehost","_yoast_wpseo_metadesc":"","inline_featured_image":false,"footnotes":""},"ppma_author":[1572],"class_list":["post-113450","page","type-page","status-publish","has-post-thumbnail","hentry"],"acf":[],"yoast_head":"<!-- This site is optimized with the Yoast SEO Premium plugin v27.1 (Yoast SEO v27.1.1) - https:\/\/yoast.com\/product\/yoast-seo-premium-wordpress\/ -->\n<title>Directrices editoriales del Blog de Bluehost<\/title>\n<meta name=\"robots\" content=\"index, follow, max-snippet:-1, max-image-preview:large, max-video-preview:-1\" \/>\n<link rel=\"canonical\" href=\"https:\/\/www.bluehost.com\/blog\/es\/wp-json\/wp\/v2\/pages\/113450\/\" \/>\n<meta property=\"og:locale\" content=\"es_ES\" \/>\n<meta property=\"og:type\" content=\"article\" \/>\n<meta property=\"og:title\" content=\"Directrices editoriales del Blog\" \/>\n<meta property=\"og:description\" content=\"Directrices editoriales del Blog En Bluehost, nuestra m\u00e1xima prioridad es su presencia en Internet. Por eso somos transparentes sobre nuestros productos y servicios, y mantenemos unas directrices editoriales que garantizan la integridad. Hacemos esto para asegurarnos de que pueda utilizar nuestras herramientas, Servicios y consejos con total confianza y comprensi\u00f3n. Visi\u00f3n del Blog de Bluehost [&hellip;]\" \/>\n<meta property=\"og:url\" content=\"https:\/\/www.bluehost.com\/blog\/es\/directrices-editoriales-del-blog\/\" \/>\n<meta property=\"og:site_name\" content=\"Bluehost Blog\" \/>\n<meta property=\"article:publisher\" content=\"https:\/\/www.facebook.com\/bluehost\/\" \/>\n<meta property=\"article:modified_time\" content=\"2025-10-16T14:31:27+00:00\" \/>\n<meta property=\"og:image\" content=\"https:\/\/www.bluehost.com\/blog\/wp-content\/uploads\/2025\/09\/generic-Image-bluehost-1.jpg\" \/>\n\t<meta property=\"og:image:width\" content=\"800\" \/>\n\t<meta property=\"og:image:height\" content=\"450\" \/>\n\t<meta property=\"og:image:type\" content=\"image\/jpeg\" \/>\n<meta name=\"twitter:card\" content=\"summary_large_image\" \/>\n<meta name=\"twitter:site\" content=\"@bluehost\" \/>\n<meta name=\"twitter:label1\" content=\"Tiempo de lectura\" \/>\n\t<meta name=\"twitter:data1\" content=\"4 minutos\" \/>\n<script type=\"application\/ld+json\" class=\"yoast-schema-graph\">{\"@context\":\"https:\/\/schema.org\",\"@graph\":[{\"@type\":\"WebPage\",\"@id\":\"https:\/\/www.bluehost.com\/blog\/es\/directrices-editoriales-del-blog\/\",\"url\":\"https:\/\/www.bluehost.com\/blog\/es\/directrices-editoriales-del-blog\/\",\"name\":\"Directrices editoriales del Blog de Bluehost\",\"isPartOf\":{\"@id\":\"https:\/\/www.bluehost.com\/blog\/es\/#website\"},\"primaryImageOfPage\":{\"@id\":\"https:\/\/www.bluehost.com\/blog\/es\/directrices-editoriales-del-blog\/#primaryimage\"},\"image\":{\"@id\":\"https:\/\/www.bluehost.com\/blog\/es\/directrices-editoriales-del-blog\/#primaryimage\"},\"thumbnailUrl\":\"https:\/\/www.bluehost.com\/blog\/wp-content\/uploads\/2025\/09\/generic-Image-bluehost-1.jpg\",\"datePublished\":\"2025-10-07T13:19:59+00:00\",\"dateModified\":\"2025-10-16T14:31:27+00:00\",\"breadcrumb\":{\"@id\":\"https:\/\/www.bluehost.com\/blog\/es\/directrices-editoriales-del-blog\/#breadcrumb\"},\"inLanguage\":\"es\",\"potentialAction\":[{\"@type\":\"ReadAction\",\"target\":[\"https:\/\/www.bluehost.com\/blog\/es\/directrices-editoriales-del-blog\/\"]}]},{\"@type\":\"ImageObject\",\"inLanguage\":\"es\",\"@id\":\"https:\/\/www.bluehost.com\/blog\/es\/directrices-editoriales-del-blog\/#primaryimage\",\"url\":\"https:\/\/www.bluehost.com\/blog\/wp-content\/uploads\/2025\/09\/generic-Image-bluehost-1.jpg\",\"contentUrl\":\"https:\/\/www.bluehost.com\/blog\/wp-content\/uploads\/2025\/09\/generic-Image-bluehost-1.jpg\",\"width\":800,\"height\":450,\"caption\":\"Bluehost Blog Editorial Guidelines\"},{\"@type\":\"BreadcrumbList\",\"@id\":\"https:\/\/www.bluehost.com\/blog\/es\/directrices-editoriales-del-blog\/#breadcrumb\",\"itemListElement\":[{\"@type\":\"ListItem\",\"position\":1,\"name\":\"Home\",\"item\":\"https:\/\/www.bluehost.com\/es-es\/blog\/\"},{\"@type\":\"ListItem\",\"position\":2,\"name\":\"Directrices editoriales del Blog\"}]},{\"@type\":\"WebSite\",\"@id\":\"https:\/\/www.bluehost.com\/blog\/es\/#website\",\"url\":\"https:\/\/www.bluehost.com\/blog\/es\/\",\"name\":\"Bluehost\",\"description\":\"\",\"publisher\":{\"@id\":\"https:\/\/www.bluehost.com\/blog\/es\/#organization\"},\"potentialAction\":[{\"@type\":\"SearchAction\",\"target\":{\"@type\":\"EntryPoint\",\"urlTemplate\":\"https:\/\/www.bluehost.com\/blog\/es\/?s={search_term_string}\"},\"query-input\":{\"@type\":\"PropertyValueSpecification\",\"valueRequired\":true,\"valueName\":\"search_term_string\"}}],\"inLanguage\":\"es\"},{\"@type\":\"Organization\",\"@id\":\"https:\/\/www.bluehost.com\/blog\/es\/#organization\",\"name\":\"Bluehost\",\"url\":\"https:\/\/www.bluehost.com\/blog\/es\/\",\"logo\":{\"@type\":\"ImageObject\",\"inLanguage\":\"es\",\"@id\":\"https:\/\/www.bluehost.com\/blog\/es\/#\/schema\/logo\/image\/\",\"url\":\"https:\/\/www.bluehost.com\/blog\/wp-content\/uploads\/2023\/08\/bluehost-logo.svg\",\"contentUrl\":\"https:\/\/www.bluehost.com\/blog\/wp-content\/uploads\/2023\/08\/bluehost-logo.svg\",\"width\":136,\"height\":24,\"caption\":\"Bluehost\"},\"image\":{\"@id\":\"https:\/\/www.bluehost.com\/blog\/es\/#\/schema\/logo\/image\/\"},\"sameAs\":[\"https:\/\/www.facebook.com\/bluehost\/\",\"https:\/\/x.com\/bluehost\",\"https:\/\/www.linkedin.com\/company\/bluehost-com\/\",\"https:\/\/www.youtube.com\/user\/bluehost\",\"https:\/\/en.wikipedia.org\/wiki\/Bluehost\"],\"description\":\"Bluehost is a leading web hosting provider empowering millions of websites worldwide. \\u2028Discover how Bluehost's expertise, reliability, and innovation can help you achieve your online goals.\",\"telephone\":\"+1-888-401-4678\"}]}<\/script>\n<!-- \/ Yoast SEO Premium plugin. -->","yoast_head_json":{"title":"Directrices editoriales del Blog de Bluehost","robots":{"index":"index","follow":"follow","max-snippet":"max-snippet:-1","max-image-preview":"max-image-preview:large","max-video-preview":"max-video-preview:-1"},"canonical":"https:\/\/www.bluehost.com\/blog\/es\/wp-json\/wp\/v2\/pages\/113450\/","og_locale":"es_ES","og_type":"article","og_title":"Directrices editoriales del Blog","og_description":"Directrices editoriales del Blog En Bluehost, nuestra m\u00e1xima prioridad es su presencia en Internet. Por eso somos transparentes sobre nuestros productos y servicios, y mantenemos unas directrices editoriales que garantizan la integridad. Hacemos esto para asegurarnos de que pueda utilizar nuestras herramientas, Servicios y consejos con total confianza y comprensi\u00f3n. Visi\u00f3n del Blog de Bluehost [&hellip;]","og_url":"https:\/\/www.bluehost.com\/blog\/es\/directrices-editoriales-del-blog\/","og_site_name":"Bluehost Blog","article_publisher":"https:\/\/www.facebook.com\/bluehost\/","article_modified_time":"2025-10-16T14:31:27+00:00","og_image":[{"width":800,"height":450,"url":"https:\/\/www.bluehost.com\/blog\/wp-content\/uploads\/2025\/09\/generic-Image-bluehost-1.jpg","type":"image\/jpeg"}],"twitter_card":"summary_large_image","twitter_site":"@bluehost","twitter_misc":{"Tiempo de lectura":"4 minutos"},"schema":{"@context":"https:\/\/schema.org","@graph":[{"@type":"WebPage","@id":"https:\/\/www.bluehost.com\/blog\/es\/directrices-editoriales-del-blog\/","url":"https:\/\/www.bluehost.com\/blog\/es\/directrices-editoriales-del-blog\/","name":"Directrices editoriales del Blog de Bluehost","isPartOf":{"@id":"https:\/\/www.bluehost.com\/blog\/es\/#website"},"primaryImageOfPage":{"@id":"https:\/\/www.bluehost.com\/blog\/es\/directrices-editoriales-del-blog\/#primaryimage"},"image":{"@id":"https:\/\/www.bluehost.com\/blog\/es\/directrices-editoriales-del-blog\/#primaryimage"},"thumbnailUrl":"https:\/\/www.bluehost.com\/blog\/wp-content\/uploads\/2025\/09\/generic-Image-bluehost-1.jpg","datePublished":"2025-10-07T13:19:59+00:00","dateModified":"2025-10-16T14:31:27+00:00","breadcrumb":{"@id":"https:\/\/www.bluehost.com\/blog\/es\/directrices-editoriales-del-blog\/#breadcrumb"},"inLanguage":"es","potentialAction":[{"@type":"ReadAction","target":["https:\/\/www.bluehost.com\/blog\/es\/directrices-editoriales-del-blog\/"]}]},{"@type":"ImageObject","inLanguage":"es","@id":"https:\/\/www.bluehost.com\/blog\/es\/directrices-editoriales-del-blog\/#primaryimage","url":"https:\/\/www.bluehost.com\/blog\/wp-content\/uploads\/2025\/09\/generic-Image-bluehost-1.jpg","contentUrl":"https:\/\/www.bluehost.com\/blog\/wp-content\/uploads\/2025\/09\/generic-Image-bluehost-1.jpg","width":800,"height":450,"caption":"Bluehost Blog Editorial Guidelines"},{"@type":"BreadcrumbList","@id":"https:\/\/www.bluehost.com\/blog\/es\/directrices-editoriales-del-blog\/#breadcrumb","itemListElement":[{"@type":"ListItem","position":1,"name":"Home","item":"https:\/\/www.bluehost.com\/es-es\/blog\/"},{"@type":"ListItem","position":2,"name":"Directrices editoriales del Blog"}]},{"@type":"WebSite","@id":"https:\/\/www.bluehost.com\/blog\/es\/#website","url":"https:\/\/www.bluehost.com\/blog\/es\/","name":"Bluehost","description":"","publisher":{"@id":"https:\/\/www.bluehost.com\/blog\/es\/#organization"},"potentialAction":[{"@type":"SearchAction","target":{"@type":"EntryPoint","urlTemplate":"https:\/\/www.bluehost.com\/blog\/es\/?s={search_term_string}"},"query-input":{"@type":"PropertyValueSpecification","valueRequired":true,"valueName":"search_term_string"}}],"inLanguage":"es"},{"@type":"Organization","@id":"https:\/\/www.bluehost.com\/blog\/es\/#organization","name":"Bluehost","url":"https:\/\/www.bluehost.com\/blog\/es\/","logo":{"@type":"ImageObject","inLanguage":"es","@id":"https:\/\/www.bluehost.com\/blog\/es\/#\/schema\/logo\/image\/","url":"https:\/\/www.bluehost.com\/blog\/wp-content\/uploads\/2023\/08\/bluehost-logo.svg","contentUrl":"https:\/\/www.bluehost.com\/blog\/wp-content\/uploads\/2023\/08\/bluehost-logo.svg","width":136,"height":24,"caption":"Bluehost"},"image":{"@id":"https:\/\/www.bluehost.com\/blog\/es\/#\/schema\/logo\/image\/"},"sameAs":["https:\/\/www.facebook.com\/bluehost\/","https:\/\/x.com\/bluehost","https:\/\/www.linkedin.com\/company\/bluehost-com\/","https:\/\/www.youtube.com\/user\/bluehost","https:\/\/en.wikipedia.org\/wiki\/Bluehost"],"description":"Bluehost is a leading web hosting provider empowering millions of websites worldwide. \u2028Discover how Bluehost's expertise, reliability, and innovation can help you achieve your online goals.","telephone":"+1-888-401-4678"}]}},"_links":{"self":[{"href":"https:\/\/www.bluehost.com\/blog\/es\/wp-json\/wp\/v2\/pages\/113450","targetHints":{"allow":["GET"]}}],"collection":[{"href":"https:\/\/www.bluehost.com\/blog\/es\/wp-json\/wp\/v2\/pages"}],"about":[{"href":"https:\/\/www.bluehost.com\/blog\/es\/wp-json\/wp\/v2\/types\/page"}],"author":[{"embeddable":true,"href":"https:\/\/www.bluehost.com\/blog\/es\/wp-json\/wp\/v2\/users\/155"}],"replies":[{"embeddable":true,"href":"https:\/\/www.bluehost.com\/blog\/es\/wp-json\/wp\/v2\/comments?post=113450"}],"version-history":[{"count":2,"href":"https:\/\/www.bluehost.com\/blog\/es\/wp-json\/wp\/v2\/pages\/113450\/revisions"}],"predecessor-version":[{"id":236021,"href":"https:\/\/www.bluehost.com\/blog\/es\/wp-json\/wp\/v2\/pages\/113450\/revisions\/236021"}],"wp:featuredmedia":[{"embeddable":true,"href":"https:\/\/www.bluehost.com\/blog\/es\/wp-json\/wp\/v2\/media\/241996"}],"wp:attachment":[{"href":"https:\/\/www.bluehost.com\/blog\/es\/wp-json\/wp\/v2\/media?parent=113450"}],"wp:term":[{"taxonomy":"author","embeddable":true,"href":"https:\/\/www.bluehost.com\/blog\/es\/wp-json\/wp\/v2\/ppma_author?post=113450"}],"curies":[{"name":"wp","href":"https:\/\/api.w.org\/{rel}","templated":true}]}}