{"id":113465,"date":"2024-12-20T19:07:33","date_gmt":"2024-12-20T19:07:33","guid":{"rendered":"https:\/\/www.bluehost.com\/blog\/calificador-de-sitios-web\/"},"modified":"2025-08-12T06:07:03","modified_gmt":"2025-08-12T06:07:03","slug":"calificador-de-sitios-web","status":"publish","type":"page","link":"https:\/\/www.bluehost.com\/blog\/es\/calificador-de-sitios-web\/","title":{"rendered":"Calificador de sitios web"},"content":{"rendered":"\n<div class=\"wp-block-columns website-grader__hero is-layout-flex wp-container-core-columns-is-layout-a8aeba4b wp-block-columns-is-layout-flex\" style=\"padding-top:5.2vw;padding-right:5.2vw;padding-bottom:5.2vw;padding-left:5.2vw\">\n<div class=\"wp-block-column is-layout-flow wp-block-column-is-layout-flow\">\n<h2 class=\"wp-block-heading source-serif-bold has-text-color has-link-color wp-elements-b547f1e18cf4e475afd7adf6e5673386\" id=\"h-how-strong-is-your-website\" style=\"color:#1d2a3d;padding-top:25px;padding-bottom:25px;font-size:clamp(37.821px, 2.364rem + ((1vw - 3.2px) * 2.786), 70px);line-height:1\">\u00bfQu\u00e9 tan fuerte es tu sitio web?<\/h2>\n\n\n\n<p style=\"font-size:clamp(14.642px, 0.915rem + ((1vw - 3.2px) * 0.637), 22px);\">\u00a1Pon a prueba el rendimiento, el dise\u00f1o y la seguridad de tu sitio! Nuestro calificador de sitios web GRATUITO verificar\u00e1: <\/p>\n\n\n\n<ul style=\"padding-bottom:25px;font-size:clamp(14.642px, 0.915rem + ((1vw - 3.2px) * 0.637), 22px);\" class=\"wp-block-list website-grader__hero-list\">\n<li>Velocidad de carga de la p\u00e1gina<\/li>\n\n\n\n<li>Compatibilidad de dispositivos<\/li>\n\n\n\n<li>Rankings de b\u00fasqueda<\/li>\n\n\n\n<li>Amenazas y seguridad del sitio<\/li>\n<\/ul>\n\n\n\n<p style=\"font-size:clamp(15.747px, 0.984rem + ((1vw - 3.2px) * 0.715), 24px);\"><strong>Comprenda lo que funciona bien y lo que necesita mejorar. \u00a1Complete este formulario r\u00e1pido para comenzar a mejorar su sitio web hoy! <\/strong><\/p>\n<\/div>\n\n\n\n<div class=\"wp-block-column is-vertically-aligned-top is-layout-flow wp-block-column-is-layout-flow\">\n<div id=\"ib-form-widget\"><\/div>\n\n\n\n<figure class=\"wp-block-image size-full m-0\"><img decoding=\"async\" width=\"547\" height=\"501\" src=\"https:\/\/www.bluehost.com\/es-es\/blog\/wp-content\/uploads\/2024\/12\/hero-img.png\" alt=\"\" class=\"wp-image-97862\" srcset=\"https:\/\/www.bluehost.com\/blog\/wp-content\/uploads\/2024\/12\/hero-img.png 547w, https:\/\/www.bluehost.com\/blog\/wp-content\/uploads\/2024\/12\/hero-img-300x275.png 300w, https:\/\/www.bluehost.com\/blog\/wp-content\/uploads\/2024\/12\/hero-img-24x22.png 24w, https:\/\/www.bluehost.com\/blog\/wp-content\/uploads\/2024\/12\/hero-img-36x33.png 36w, https:\/\/www.bluehost.com\/blog\/wp-content\/uploads\/2024\/12\/hero-img-48x44.png 48w\" sizes=\"100vw\" \/><\/figure>\n<\/div>\n<\/div>\n\n<div class=\"wp-block-columns website-grader__section website-grader__section--performance is-layout-flex wp-container-core-columns-is-layout-a8aeba4b wp-block-columns-is-layout-flex\" style=\"padding-top:5.2vw;padding-right:5.2vw;padding-bottom:5.2vw;padding-left:5.2vw\">\n<div class=\"wp-block-column is-layout-flow wp-block-column-is-layout-flow\">\n<h2 class=\"wp-block-heading has-text-align-center source-serif-bold has-text-color has-link-color wp-elements-ef2078d4ca576e5a03e58576365a3bb8\" id=\"h-we-review-what-visitors-look-for\" style=\"color:#1d2a3d;padding-top:0px;padding-bottom:50px;font-size:clamp(33.419px, 2.089rem + ((1vw - 3.2px) * 2.301), 60px);line-height:1.2\">Repasamos lo que buscan los visitantes:<\/h2>\n\n\n\n<div class=\"wp-block-columns is-layout-flex wp-container-core-columns-is-layout-28f84493 wp-block-columns-is-layout-flex\">\n<div class=\"wp-block-column flex flex-col gap-5 is-layout-flow wp-block-column-is-layout-flow\" style=\"padding-top:0;padding-right:0;padding-bottom:0;padding-left:0;flex-basis:25%\">\n<figure class=\"wp-block-image aligncenter size-large\"><img decoding=\"async\" width=\"46\" height=\"65\" src=\"https:\/\/www.bluehost.com\/es-es\/blog\/wp-content\/uploads\/\/website-grader-performance.svg\" alt=\"\" class=\"wp-image-97866\" style=\"object-fit:cover\"\/><\/figure>\n\n\n\n<p class=\"has-text-align-center has-black-color has-text-color has-link-color wp-elements-9a4e83bb1dd343d9fbb483ed3dbcfeba\" style=\"font-size:clamp(14.642px, 0.915rem + ((1vw - 3.2px) * 0.637), 22px);\"><strong>Rendimiento del dispositivo<br\/><\/strong><\/p>\n<\/div>\n\n\n\n<div class=\"wp-block-column flex flex-col gap-5 is-layout-flow wp-block-column-is-layout-flow\" style=\"flex-basis:25%\">\n<figure class=\"wp-block-image aligncenter size-large\"><img decoding=\"async\" width=\"82\" height=\"65\" src=\"https:\/\/www.bluehost.com\/es-es\/blog\/wp-content\/uploads\/\/website-grader-speed.svg\" alt=\"\" class=\"wp-image-97870\"\/><\/figure>\n\n\n\n<p class=\"has-text-align-center has-black-color has-text-color has-link-color wp-elements-d9404737b97fe19a8d4a3d214d158b13\" style=\"font-size:clamp(14.642px, 0.915rem + ((1vw - 3.2px) * 0.637), 22px);\"><strong>Velocidad de carga<\/strong><\/p>\n<\/div>\n\n\n\n<div class=\"wp-block-column flex flex-col gap-5 is-layout-flow wp-block-column-is-layout-flow\" style=\"flex-basis:25%\">\n<figure class=\"wp-block-image aligncenter size-large\"><img decoding=\"async\" width=\"84\" height=\"67\" src=\"https:\/\/www.bluehost.com\/es-es\/blog\/wp-content\/uploads\/\/website-grader-ranking.svg\" alt=\"\" class=\"wp-image-97874\"\/><\/figure>\n\n\n\n<p class=\"has-text-align-center has-black-color has-text-color has-link-color wp-elements-1a395f2e5fa35961b3d4119bc27bc44e\" style=\"font-size:clamp(14.642px, 0.915rem + ((1vw - 3.2px) * 0.637), 22px);\"><strong>Ranking de b\u00fasqueda<\/strong><\/p>\n<\/div>\n\n\n\n<div class=\"wp-block-column flex flex-col gap-5 is-layout-flow wp-block-column-is-layout-flow\" style=\"flex-basis:25%\">\n<figure class=\"wp-block-image aligncenter size-large\"><img decoding=\"async\" width=\"64\" height=\"75\" src=\"https:\/\/www.bluehost.com\/es-es\/blog\/wp-content\/uploads\/\/website-grader-security.svg\" alt=\"\" class=\"wp-image-97878\"\/><\/figure>\n\n\n\n<p class=\"has-text-align-center has-black-color has-text-color has-link-color wp-elements-7dd1b21372f65beefbe0d1a3cb8d6bfa\" style=\"font-size:clamp(14.642px, 0.915rem + ((1vw - 3.2px) * 0.637), 22px);\"><strong>Seguridad del sitio web<\/strong><\/p>\n<\/div>\n<\/div>\n<\/div>\n<\/div>\n\n<div class=\"wp-block-group website-grader__section has-global-padding is-layout-constrained wp-container-core-group-is-layout-44abe099 wp-block-group-is-layout-constrained\" style=\"padding-top:5.2vw;padding-right:5.2vw;padding-bottom:5.2vw;padding-left:5.2vw\">\n<div class=\"wp-block-columns is-layout-flex wp-container-core-columns-is-layout-28f84493 wp-block-columns-is-layout-flex\">\n<div class=\"wp-block-column is-vertically-aligned-center is-layout-flow wp-block-column-is-layout-flow\">\n<figure class=\"wp-block-image size-large\"><img decoding=\"async\" width=\"46\" height=\"65\" src=\"https:\/\/www.bluehost.com\/es-es\/blog\/wp-content\/uploads\/\/website-grader-performance.svg\" alt=\"\" class=\"wp-image-97866\"\/><\/figure>\n\n\n\n<h2 class=\"wp-block-heading\" id=\"h-make-your-site-mobile\" style=\"font-size:clamp(26.944px, 1.684rem + ((1vw - 3.2px) * 1.65), 46px);\">Haz que tu sitio sea m\u00f3vil<\/h2>\n\n\n\n<p style=\"font-size:clamp(14px, 0.875rem + ((1vw - 3.2px) * 0.346), 18px);\">Revisamos su funcionalidad en todos los dispositivos, ayud\u00e1ndole a crear un sitio web para cualquier persona, en cualquier lugar.<\/p>\n<\/div>\n\n\n\n<div class=\"wp-block-column is-layout-flow wp-block-column-is-layout-flow\">\n<figure class=\"wp-block-image size-full w-full\"><img decoding=\"async\" width=\"624\" height=\"414\" src=\"https:\/\/www.bluehost.com\/es-es\/blog\/wp-content\/uploads\/2024\/12\/website-grader-performance-bg.png\" alt=\"\" class=\"wp-image-97882\" srcset=\"https:\/\/www.bluehost.com\/blog\/wp-content\/uploads\/2024\/12\/website-grader-performance-bg.png 624w, https:\/\/www.bluehost.com\/blog\/wp-content\/uploads\/2024\/12\/website-grader-performance-bg-300x199.png 300w, https:\/\/www.bluehost.com\/blog\/wp-content\/uploads\/2024\/12\/website-grader-performance-bg-270x180.png 270w, https:\/\/www.bluehost.com\/blog\/wp-content\/uploads\/2024\/12\/website-grader-performance-bg-370x245.png 370w, https:\/\/www.bluehost.com\/blog\/wp-content\/uploads\/2024\/12\/website-grader-performance-bg-24x16.png 24w, https:\/\/www.bluehost.com\/blog\/wp-content\/uploads\/2024\/12\/website-grader-performance-bg-36x24.png 36w, https:\/\/www.bluehost.com\/blog\/wp-content\/uploads\/2024\/12\/website-grader-performance-bg-48x32.png 48w\" sizes=\"100vw\" \/><\/figure>\n<\/div>\n<\/div>\n<\/div>\n\n<div class=\"wp-block-group .website-grader__section has-background has-global-padding is-layout-constrained wp-container-core-group-is-layout-44abe099 wp-block-group-is-layout-constrained\" style=\"background-color:#e5f6ff;padding-top:5.2vw;padding-right:5.2vw;padding-bottom:5.2vw;padding-left:5.2vw\">\n<div class=\"wp-block-columns website-grader__section wrap is-layout-flex wp-container-core-columns-is-layout-28f84493 wp-block-columns-is-layout-flex\">\n<div class=\"wp-block-column is-layout-flow wp-block-column-is-layout-flow\">\n<figure class=\"wp-block-image size-full w-full\"><img decoding=\"async\" width=\"585\" height=\"404\" src=\"https:\/\/www.bluehost.com\/es-es\/blog\/wp-content\/uploads\/2024\/12\/website-grader-speed-bg.png\" alt=\"\" class=\"wp-image-97886\" srcset=\"https:\/\/www.bluehost.com\/blog\/wp-content\/uploads\/2024\/12\/website-grader-speed-bg.png 585w, https:\/\/www.bluehost.com\/blog\/wp-content\/uploads\/2024\/12\/website-grader-speed-bg-300x207.png 300w, https:\/\/www.bluehost.com\/blog\/wp-content\/uploads\/2024\/12\/website-grader-speed-bg-24x17.png 24w, https:\/\/www.bluehost.com\/blog\/wp-content\/uploads\/2024\/12\/website-grader-speed-bg-36x25.png 36w, https:\/\/www.bluehost.com\/blog\/wp-content\/uploads\/2024\/12\/website-grader-speed-bg-48x33.png 48w\" sizes=\"100vw\" \/><\/figure>\n<\/div>\n\n\n\n<div class=\"wp-block-column is-vertically-aligned-center is-layout-flow wp-block-column-is-layout-flow\">\n<figure class=\"wp-block-image size-large\"><img decoding=\"async\" width=\"82\" height=\"65\" src=\"https:\/\/www.bluehost.com\/es-es\/blog\/wp-content\/uploads\/\/website-grader-speed.svg\" alt=\"\" class=\"wp-image-97870\"\/><\/figure>\n\n\n\n<h2 class=\"wp-block-heading\" id=\"h-boost-your-page-speed\" style=\"font-size:clamp(26.944px, 1.684rem + ((1vw - 3.2px) * 1.65), 46px);\">Aumenta la velocidad de tu p\u00e1gina.<\/h2>\n\n\n\n<p style=\"font-size:clamp(14px, 0.875rem + ((1vw - 3.2px) * 0.346), 18px);\">Cuando las p\u00e1ginas no se cargan, la gente se va. Probamos los tiempos de carga de tu sitio para que tus visitantes se queden. <\/p>\n<\/div>\n<\/div>\n<\/div>\n\n<div class=\"wp-block-group website-grader__section has-global-padding is-layout-constrained wp-container-core-group-is-layout-44abe099 wp-block-group-is-layout-constrained\" style=\"padding-top:5.2vw;padding-right:5.2vw;padding-bottom:5.2vw;padding-left:5.2vw\">\n<div class=\"wp-block-columns is-layout-flex wp-container-core-columns-is-layout-28f84493 wp-block-columns-is-layout-flex\">\n<div class=\"wp-block-column is-vertically-aligned-center is-layout-flow wp-block-column-is-layout-flow\">\n<figure class=\"wp-block-image size-large\"><img decoding=\"async\" width=\"46\" height=\"65\" src=\"https:\/\/www.bluehost.com\/es-es\/blog\/wp-content\/uploads\/\/website-grader-performance.svg\" alt=\"\" class=\"wp-image-97866\"\/><\/figure>\n\n\n\n<h2 class=\"wp-block-heading\" id=\"h-improve-your-seo\" style=\"font-size:clamp(26.944px, 1.684rem + ((1vw - 3.2px) * 1.65), 46px);\"><strong>Mejora tu SEO.<\/strong><\/h2>\n\n\n\n<p style=\"font-size:clamp(14px, 0.875rem + ((1vw - 3.2px) * 0.346), 18px);\">Analizaremos tus palabras clave, contenido y m\u00e1s, para que las personas puedan encontrarte f\u00e1cilmente usando los motores de b\u00fasqueda.<\/p>\n<\/div>\n\n\n\n<div class=\"wp-block-column is-layout-flow wp-block-column-is-layout-flow\">\n<figure class=\"wp-block-image size-full w-full\"><img decoding=\"async\" width=\"585\" height=\"404\" src=\"https:\/\/www.bluehost.com\/es-es\/blog\/wp-content\/uploads\/2024\/12\/website-grader-ranking-bg.png\" alt=\"\" class=\"wp-image-97890\" srcset=\"https:\/\/www.bluehost.com\/blog\/wp-content\/uploads\/2024\/12\/website-grader-ranking-bg.png 585w, https:\/\/www.bluehost.com\/blog\/wp-content\/uploads\/2024\/12\/website-grader-ranking-bg-300x207.png 300w, https:\/\/www.bluehost.com\/blog\/wp-content\/uploads\/2024\/12\/website-grader-ranking-bg-24x17.png 24w, https:\/\/www.bluehost.com\/blog\/wp-content\/uploads\/2024\/12\/website-grader-ranking-bg-36x25.png 36w, https:\/\/www.bluehost.com\/blog\/wp-content\/uploads\/2024\/12\/website-grader-ranking-bg-48x33.png 48w\" sizes=\"100vw\" \/><\/figure>\n<\/div>\n<\/div>\n<\/div>\n\n<div class=\"wp-block-group alignwide website-grader__section has-background has-global-padding is-layout-constrained wp-container-core-group-is-layout-44abe099 wp-block-group-is-layout-constrained\" style=\"background-color:#e5f6ff;padding-top:5.2vw;padding-right:5.2vw;padding-bottom:5.2vw;padding-left:5.2vw\">\n<div class=\"wp-block-columns is-layout-flex wp-container-core-columns-is-layout-28f84493 wp-block-columns-is-layout-flex\">\n<div class=\"wp-block-column is-layout-flow wp-block-column-is-layout-flow\">\n<figure class=\"wp-block-image size-full w-full\"><img decoding=\"async\" width=\"585\" height=\"405\" src=\"https:\/\/www.bluehost.com\/es-es\/blog\/wp-content\/uploads\/2024\/12\/website-grader-security-bg.png\" alt=\"\" class=\"wp-image-97894\" srcset=\"https:\/\/www.bluehost.com\/blog\/wp-content\/uploads\/2024\/12\/website-grader-security-bg.png 585w, https:\/\/www.bluehost.com\/blog\/wp-content\/uploads\/2024\/12\/website-grader-security-bg-300x208.png 300w, https:\/\/www.bluehost.com\/blog\/wp-content\/uploads\/2024\/12\/website-grader-security-bg-24x17.png 24w, https:\/\/www.bluehost.com\/blog\/wp-content\/uploads\/2024\/12\/website-grader-security-bg-36x25.png 36w, https:\/\/www.bluehost.com\/blog\/wp-content\/uploads\/2024\/12\/website-grader-security-bg-48x33.png 48w\" sizes=\"100vw\" \/><\/figure>\n<\/div>\n\n\n\n<div class=\"wp-block-column is-vertically-aligned-center is-layout-flow wp-block-column-is-layout-flow\">\n<figure class=\"wp-block-image size-large\"><img decoding=\"async\" width=\"64\" height=\"75\" src=\"https:\/\/www.bluehost.com\/es-es\/blog\/wp-content\/uploads\/\/website-grader-security.svg\" alt=\"\" class=\"wp-image-97878\"\/><\/figure>\n\n\n\n<h2 class=\"wp-block-heading\" id=\"h-secure-your-website\" style=\"font-size:clamp(26.944px, 1.684rem + ((1vw - 3.2px) * 1.65), 46px);\">Asegure su sitio web<\/h2>\n\n\n\n<p style=\"font-size:clamp(14px, 0.875rem + ((1vw - 3.2px) * 0.346), 18px);\">Para protegerte a ti, a tu empresa y a tus clientes, probamos las amenazas de seguridad y las medidas de seguridad.<\/p>\n<\/div>\n<\/div>\n\n\n\n<p style=\"font-size:14px;line-height:1.3\">* Al enviar su informaci\u00f3n, usted da su consentimiento expreso para recibir comunicaciones telef\u00f3nicas, que pueden ser de naturaleza promocional de Bluehost o de nuestra familia de marcas a trav\u00e9s de un n\u00famero residencial o m\u00f3vil, incluidos mensajes de texto, (que pueden ser llamadas autom\u00e1ticas o pregrabadas) a la informaci\u00f3n de contacto enviada. Entiendo que las llamadas pueden ser grabadas y puedo retirar mi consentimiento en cualquier momento. No es necesario que des tu consentimiento como condici\u00f3n para realizar una compra. Puede encontrar informaci\u00f3n adicional en nuestros T\u00e9rminos de servicio y Aviso de privacidad.   <\/p>\n<\/div>\n","protected":false},"excerpt":{"rendered":"<p>\u00bfQu\u00e9 tan fuerte es tu sitio web? \u00a1Pon a prueba el rendimiento, el dise\u00f1o y la seguridad de tu sitio! Nuestro calificador de sitios web GRATUITO verificar\u00e1: Comprenda lo que funciona bien y lo que necesita mejorar. \u00a1Complete este formulario r\u00e1pido para comenzar a mejorar su sitio web hoy! Repasamos lo que buscan los visitantes: [&hellip;]<\/p>\n","protected":false},"author":92,"featured_media":240661,"parent":0,"menu_order":0,"comment_status":"closed","ping_status":"closed","template":"","meta":{"_acf_changed":false,"_yoast_wpseo_title":"","_yoast_wpseo_metadesc":"","inline_featured_image":false,"footnotes":""},"ppma_author":[594],"class_list":["post-113465","page","type-page","status-publish","has-post-thumbnail","hentry"],"acf":[],"yoast_head":"<!-- This site is optimized with the Yoast SEO Premium plugin v27.1 (Yoast SEO v27.1.1) - https:\/\/yoast.com\/product\/yoast-seo-premium-wordpress\/ -->\n<title>Calificador de sitios web - Bluehost Blog<\/title>\n<meta name=\"robots\" content=\"index, follow, max-snippet:-1, max-image-preview:large, max-video-preview:-1\" \/>\n<link rel=\"canonical\" href=\"https:\/\/www.bluehost.com\/blog\/es\/wp-json\/wp\/v2\/pages\/113465\/\" \/>\n<meta property=\"og:locale\" content=\"es_ES\" \/>\n<meta property=\"og:type\" content=\"article\" \/>\n<meta property=\"og:title\" content=\"Calificador de sitios web\" \/>\n<meta property=\"og:description\" content=\"\u00bfQu\u00e9 tan fuerte es tu sitio web? \u00a1Pon a prueba el rendimiento, el dise\u00f1o y la seguridad de tu sitio! Nuestro calificador de sitios web GRATUITO verificar\u00e1: Comprenda lo que funciona bien y lo que necesita mejorar. \u00a1Complete este formulario r\u00e1pido para comenzar a mejorar su sitio web hoy! Repasamos lo que buscan los visitantes: [&hellip;]\" \/>\n<meta property=\"og:url\" content=\"https:\/\/www.bluehost.com\/blog\/es\/calificador-de-sitios-web\/\" \/>\n<meta property=\"og:site_name\" content=\"Bluehost Blog\" \/>\n<meta property=\"article:publisher\" content=\"https:\/\/www.facebook.com\/bluehost\/\" \/>\n<meta property=\"article:modified_time\" content=\"2025-08-12T06:07:03+00:00\" \/>\n<meta property=\"og:image\" content=\"https:\/\/www.bluehost.com\/blog\/wp-content\/uploads\/2024\/12\/hero-img.png\" \/>\n\t<meta property=\"og:image:width\" content=\"547\" \/>\n\t<meta property=\"og:image:height\" content=\"501\" \/>\n\t<meta property=\"og:image:type\" content=\"image\/png\" \/>\n<meta name=\"twitter:card\" content=\"summary_large_image\" \/>\n<meta name=\"twitter:site\" content=\"@bluehost\" \/>\n<meta name=\"twitter:label1\" content=\"Tiempo de lectura\" \/>\n\t<meta name=\"twitter:data1\" content=\"2 minutos\" \/>\n<script type=\"application\/ld+json\" class=\"yoast-schema-graph\">{\"@context\":\"https:\/\/schema.org\",\"@graph\":[{\"@type\":\"WebPage\",\"@id\":\"https:\/\/www.bluehost.com\/blog\/es\/calificador-de-sitios-web\/\",\"url\":\"https:\/\/www.bluehost.com\/blog\/es\/calificador-de-sitios-web\/\",\"name\":\"Calificador de sitios web - Bluehost Blog\",\"isPartOf\":{\"@id\":\"https:\/\/www.bluehost.com\/blog\/es\/#website\"},\"primaryImageOfPage\":{\"@id\":\"https:\/\/www.bluehost.com\/blog\/es\/calificador-de-sitios-web\/#primaryimage\"},\"image\":{\"@id\":\"https:\/\/www.bluehost.com\/blog\/es\/calificador-de-sitios-web\/#primaryimage\"},\"thumbnailUrl\":\"https:\/\/www.bluehost.com\/blog\/wp-content\/uploads\/2025\/09\/default-bh.png\",\"datePublished\":\"2024-12-20T19:07:33+00:00\",\"dateModified\":\"2025-08-12T06:07:03+00:00\",\"breadcrumb\":{\"@id\":\"https:\/\/www.bluehost.com\/blog\/es\/calificador-de-sitios-web\/#breadcrumb\"},\"inLanguage\":\"es\",\"potentialAction\":[{\"@type\":\"ReadAction\",\"target\":[\"https:\/\/www.bluehost.com\/blog\/es\/calificador-de-sitios-web\/\"]}]},{\"@type\":\"ImageObject\",\"inLanguage\":\"es\",\"@id\":\"https:\/\/www.bluehost.com\/blog\/es\/calificador-de-sitios-web\/#primaryimage\",\"url\":\"https:\/\/www.bluehost.com\/blog\/wp-content\/uploads\/2025\/09\/default-bh.png\",\"contentUrl\":\"https:\/\/www.bluehost.com\/blog\/wp-content\/uploads\/2025\/09\/default-bh.png\",\"width\":1200,\"height\":629},{\"@type\":\"BreadcrumbList\",\"@id\":\"https:\/\/www.bluehost.com\/blog\/es\/calificador-de-sitios-web\/#breadcrumb\",\"itemListElement\":[{\"@type\":\"ListItem\",\"position\":1,\"name\":\"Home\",\"item\":\"https:\/\/www.bluehost.com\/es-es\/blog\/\"},{\"@type\":\"ListItem\",\"position\":2,\"name\":\"Calificador de sitios web\"}]},{\"@type\":\"WebSite\",\"@id\":\"https:\/\/www.bluehost.com\/blog\/es\/#website\",\"url\":\"https:\/\/www.bluehost.com\/blog\/es\/\",\"name\":\"Bluehost\",\"description\":\"\",\"publisher\":{\"@id\":\"https:\/\/www.bluehost.com\/blog\/es\/#organization\"},\"potentialAction\":[{\"@type\":\"SearchAction\",\"target\":{\"@type\":\"EntryPoint\",\"urlTemplate\":\"https:\/\/www.bluehost.com\/blog\/es\/?s={search_term_string}\"},\"query-input\":{\"@type\":\"PropertyValueSpecification\",\"valueRequired\":true,\"valueName\":\"search_term_string\"}}],\"inLanguage\":\"es\"},{\"@type\":\"Organization\",\"@id\":\"https:\/\/www.bluehost.com\/blog\/es\/#organization\",\"name\":\"Bluehost\",\"url\":\"https:\/\/www.bluehost.com\/blog\/es\/\",\"logo\":{\"@type\":\"ImageObject\",\"inLanguage\":\"es\",\"@id\":\"https:\/\/www.bluehost.com\/blog\/es\/#\/schema\/logo\/image\/\",\"url\":\"https:\/\/www.bluehost.com\/blog\/wp-content\/uploads\/2023\/08\/bluehost-logo.svg\",\"contentUrl\":\"https:\/\/www.bluehost.com\/blog\/wp-content\/uploads\/2023\/08\/bluehost-logo.svg\",\"width\":136,\"height\":24,\"caption\":\"Bluehost\"},\"image\":{\"@id\":\"https:\/\/www.bluehost.com\/blog\/es\/#\/schema\/logo\/image\/\"},\"sameAs\":[\"https:\/\/www.facebook.com\/bluehost\/\",\"https:\/\/x.com\/bluehost\",\"https:\/\/www.linkedin.com\/company\/bluehost-com\/\",\"https:\/\/www.youtube.com\/user\/bluehost\",\"https:\/\/en.wikipedia.org\/wiki\/Bluehost\"],\"description\":\"Bluehost is a leading web hosting provider empowering millions of websites worldwide. \\u2028Discover how Bluehost's expertise, reliability, and innovation can help you achieve your online goals.\",\"telephone\":\"+1-888-401-4678\"}]}<\/script>\n<!-- \/ Yoast SEO Premium plugin. -->","yoast_head_json":{"title":"Calificador de sitios web - Bluehost Blog","robots":{"index":"index","follow":"follow","max-snippet":"max-snippet:-1","max-image-preview":"max-image-preview:large","max-video-preview":"max-video-preview:-1"},"canonical":"https:\/\/www.bluehost.com\/blog\/es\/wp-json\/wp\/v2\/pages\/113465\/","og_locale":"es_ES","og_type":"article","og_title":"Calificador de sitios web","og_description":"\u00bfQu\u00e9 tan fuerte es tu sitio web? \u00a1Pon a prueba el rendimiento, el dise\u00f1o y la seguridad de tu sitio! Nuestro calificador de sitios web GRATUITO verificar\u00e1: Comprenda lo que funciona bien y lo que necesita mejorar. \u00a1Complete este formulario r\u00e1pido para comenzar a mejorar su sitio web hoy! Repasamos lo que buscan los visitantes: [&hellip;]","og_url":"https:\/\/www.bluehost.com\/blog\/es\/calificador-de-sitios-web\/","og_site_name":"Bluehost Blog","article_publisher":"https:\/\/www.facebook.com\/bluehost\/","article_modified_time":"2025-08-12T06:07:03+00:00","og_image":[{"width":547,"height":501,"url":"https:\/\/www.bluehost.com\/blog\/wp-content\/uploads\/2024\/12\/hero-img.png","type":"image\/png"}],"twitter_card":"summary_large_image","twitter_site":"@bluehost","twitter_misc":{"Tiempo de lectura":"2 minutos"},"schema":{"@context":"https:\/\/schema.org","@graph":[{"@type":"WebPage","@id":"https:\/\/www.bluehost.com\/blog\/es\/calificador-de-sitios-web\/","url":"https:\/\/www.bluehost.com\/blog\/es\/calificador-de-sitios-web\/","name":"Calificador de sitios web - Bluehost Blog","isPartOf":{"@id":"https:\/\/www.bluehost.com\/blog\/es\/#website"},"primaryImageOfPage":{"@id":"https:\/\/www.bluehost.com\/blog\/es\/calificador-de-sitios-web\/#primaryimage"},"image":{"@id":"https:\/\/www.bluehost.com\/blog\/es\/calificador-de-sitios-web\/#primaryimage"},"thumbnailUrl":"https:\/\/www.bluehost.com\/blog\/wp-content\/uploads\/2025\/09\/default-bh.png","datePublished":"2024-12-20T19:07:33+00:00","dateModified":"2025-08-12T06:07:03+00:00","breadcrumb":{"@id":"https:\/\/www.bluehost.com\/blog\/es\/calificador-de-sitios-web\/#breadcrumb"},"inLanguage":"es","potentialAction":[{"@type":"ReadAction","target":["https:\/\/www.bluehost.com\/blog\/es\/calificador-de-sitios-web\/"]}]},{"@type":"ImageObject","inLanguage":"es","@id":"https:\/\/www.bluehost.com\/blog\/es\/calificador-de-sitios-web\/#primaryimage","url":"https:\/\/www.bluehost.com\/blog\/wp-content\/uploads\/2025\/09\/default-bh.png","contentUrl":"https:\/\/www.bluehost.com\/blog\/wp-content\/uploads\/2025\/09\/default-bh.png","width":1200,"height":629},{"@type":"BreadcrumbList","@id":"https:\/\/www.bluehost.com\/blog\/es\/calificador-de-sitios-web\/#breadcrumb","itemListElement":[{"@type":"ListItem","position":1,"name":"Home","item":"https:\/\/www.bluehost.com\/es-es\/blog\/"},{"@type":"ListItem","position":2,"name":"Calificador de sitios web"}]},{"@type":"WebSite","@id":"https:\/\/www.bluehost.com\/blog\/es\/#website","url":"https:\/\/www.bluehost.com\/blog\/es\/","name":"Bluehost","description":"","publisher":{"@id":"https:\/\/www.bluehost.com\/blog\/es\/#organization"},"potentialAction":[{"@type":"SearchAction","target":{"@type":"EntryPoint","urlTemplate":"https:\/\/www.bluehost.com\/blog\/es\/?s={search_term_string}"},"query-input":{"@type":"PropertyValueSpecification","valueRequired":true,"valueName":"search_term_string"}}],"inLanguage":"es"},{"@type":"Organization","@id":"https:\/\/www.bluehost.com\/blog\/es\/#organization","name":"Bluehost","url":"https:\/\/www.bluehost.com\/blog\/es\/","logo":{"@type":"ImageObject","inLanguage":"es","@id":"https:\/\/www.bluehost.com\/blog\/es\/#\/schema\/logo\/image\/","url":"https:\/\/www.bluehost.com\/blog\/wp-content\/uploads\/2023\/08\/bluehost-logo.svg","contentUrl":"https:\/\/www.bluehost.com\/blog\/wp-content\/uploads\/2023\/08\/bluehost-logo.svg","width":136,"height":24,"caption":"Bluehost"},"image":{"@id":"https:\/\/www.bluehost.com\/blog\/es\/#\/schema\/logo\/image\/"},"sameAs":["https:\/\/www.facebook.com\/bluehost\/","https:\/\/x.com\/bluehost","https:\/\/www.linkedin.com\/company\/bluehost-com\/","https:\/\/www.youtube.com\/user\/bluehost","https:\/\/en.wikipedia.org\/wiki\/Bluehost"],"description":"Bluehost is a leading web hosting provider empowering millions of websites worldwide. \u2028Discover how Bluehost's expertise, reliability, and innovation can help you achieve your online goals.","telephone":"+1-888-401-4678"}]}},"_links":{"self":[{"href":"https:\/\/www.bluehost.com\/blog\/es\/wp-json\/wp\/v2\/pages\/113465","targetHints":{"allow":["GET"]}}],"collection":[{"href":"https:\/\/www.bluehost.com\/blog\/es\/wp-json\/wp\/v2\/pages"}],"about":[{"href":"https:\/\/www.bluehost.com\/blog\/es\/wp-json\/wp\/v2\/types\/page"}],"author":[{"embeddable":true,"href":"https:\/\/www.bluehost.com\/blog\/es\/wp-json\/wp\/v2\/users\/92"}],"replies":[{"embeddable":true,"href":"https:\/\/www.bluehost.com\/blog\/es\/wp-json\/wp\/v2\/comments?post=113465"}],"version-history":[{"count":1,"href":"https:\/\/www.bluehost.com\/blog\/es\/wp-json\/wp\/v2\/pages\/113465\/revisions"}],"predecessor-version":[{"id":236204,"href":"https:\/\/www.bluehost.com\/blog\/es\/wp-json\/wp\/v2\/pages\/113465\/revisions\/236204"}],"wp:featuredmedia":[{"embeddable":true,"href":"https:\/\/www.bluehost.com\/blog\/es\/wp-json\/wp\/v2\/media\/240661"}],"wp:attachment":[{"href":"https:\/\/www.bluehost.com\/blog\/es\/wp-json\/wp\/v2\/media?parent=113465"}],"wp:term":[{"taxonomy":"author","embeddable":true,"href":"https:\/\/www.bluehost.com\/blog\/es\/wp-json\/wp\/v2\/ppma_author?post=113465"}],"curies":[{"name":"wp","href":"https:\/\/api.w.org\/{rel}","templated":true}]}}